{"id":2,"date":"2023-05-18T17:18:34","date_gmt":"2023-05-18T17:18:34","guid":{"rendered":"https:\/\/sabong.cafe\/vn\/?page_id=2"},"modified":"2025-02-01T09:38:54","modified_gmt":"2025-02-01T09:38:54","slug":"online-sabong-history-culture-economy-and-future-traditions","status":"publish","type":"page","link":"https:\/\/sabong.cafe\/vn\/","title":{"rendered":"Trang ch\u1ee7"},"content":{"rendered":"","protected":false},"excerpt":{"rendered":"","protected":false},"author":1,"featured_media":0,"parent":0,"menu_order":0,"comment_status":"closed","ping_status":"open","template":"","meta":{"footnotes":""},"class_list":["post-2","page","type-page","status-publish","hentry"],"yoast_head":"<!-- This site is optimized with the Yoast SEO plugin v24.3 - https:\/\/yoast.com\/wordpress\/plugins\/seo\/ -->\n<title>Sabong tr\u1ef1c tuy\u1ebfn &gt; L\u1ecbch s\u1eed, V\u0103n h\u00f3a, Kinh t\u1ebf v\u00e0 Truy\u1ec1n th\u1ed1ng T\u01b0\u01a1ng lai<\/title>\n<meta name=\"description\" content=\"T\u00ecm hi\u1ec3u t\u1ea5t c\u1ea3 v\u1ec1 Sabong: Ngu\u1ed3n g\u1ed1c l\u1ecbch s\u1eed, \u00fd ngh\u0129a v\u0103n h\u00f3a, t\u00e1c \u0111\u1ed9ng kinh t\u1ebf v\u00e0 c\u00f4ng ngh\u1ec7 hi\u1ec7n \u0111\u1ea1i. Xem x\u00e9t c\u00e1c quy t\u1eafc, kh\u00eda c\u1ea1nh \u0111\u1ea1o \u0111\u1ee9c v\u00e0 tranh c\u00e3i.\" \/>\n<meta name=\"robots\" content=\"index, follow, max-snippet:-1, max-image-preview:large, max-video-preview:-1\" \/>\n<meta property=\"og:locale\" content=\"vi_VN\" \/>\n<meta property=\"og:type\" content=\"article\" \/>\n<meta property=\"og:title\" content=\"Sabong tr\u1ef1c tuy\u1ebfn &gt; L\u1ecbch s\u1eed, V\u0103n h\u00f3a, Kinh t\u1ebf v\u00e0 Truy\u1ec1n th\u1ed1ng T\u01b0\u01a1ng lai\" \/>\n<meta property=\"og:description\" content=\"T\u00ecm hi\u1ec3u t\u1ea5t c\u1ea3 v\u1ec1 Sabong: Ngu\u1ed3n g\u1ed1c l\u1ecbch s\u1eed, \u00fd ngh\u0129a v\u0103n h\u00f3a, t\u00e1c \u0111\u1ed9ng kinh t\u1ebf v\u00e0 c\u00f4ng ngh\u1ec7 hi\u1ec7n \u0111\u1ea1i. Xem x\u00e9t c\u00e1c quy t\u1eafc, kh\u00eda c\u1ea1nh \u0111\u1ea1o \u0111\u1ee9c v\u00e0 tranh c\u00e3i.\" \/>\n<meta property=\"og:url\" content=\"https:\/\/sabong.cafe\/vn\/\" \/>\n<meta property=\"og:site_name\" content=\"Sabong.cafe VN\" \/>\n<meta property=\"article:modified_time\" content=\"2025-02-01T09:38:54+00:00\" \/>\n<meta name=\"twitter:card\" content=\"summary_large_image\" \/>\n<script type=\"application\/ld+json\" class=\"yoast-schema-graph\">{\"@context\":\"https:\/\/schema.org\",\"@graph\":[{\"@type\":\"WebPage\",\"@id\":\"https:\/\/sabong.cafe\/vn\/\",\"url\":\"https:\/\/sabong.cafe\/vn\/\",\"name\":\"Sabong tr\u1ef1c tuy\u1ebfn > L\u1ecbch s\u1eed, V\u0103n h\u00f3a, Kinh t\u1ebf v\u00e0 Truy\u1ec1n th\u1ed1ng T\u01b0\u01a1ng lai\",\"isPartOf\":{\"@id\":\"https:\/\/sabong.cafe\/vn\/#website\"},\"datePublished\":\"2023-05-18T17:18:34+00:00\",\"dateModified\":\"2025-02-01T09:38:54+00:00\",\"description\":\"T\u00ecm hi\u1ec3u t\u1ea5t c\u1ea3 v\u1ec1 Sabong: Ngu\u1ed3n g\u1ed1c l\u1ecbch s\u1eed, \u00fd ngh\u0129a v\u0103n h\u00f3a, t\u00e1c \u0111\u1ed9ng kinh t\u1ebf v\u00e0 c\u00f4ng ngh\u1ec7 hi\u1ec7n \u0111\u1ea1i. Xem x\u00e9t c\u00e1c quy t\u1eafc, kh\u00eda c\u1ea1nh \u0111\u1ea1o \u0111\u1ee9c v\u00e0 tranh c\u00e3i.\",\"breadcrumb\":{\"@id\":\"https:\/\/sabong.cafe\/vn\/#breadcrumb\"},\"inLanguage\":\"vi\",\"potentialAction\":[{\"@type\":\"ReadAction\",\"target\":[\"https:\/\/sabong.cafe\/vn\/\"]}]},{\"@type\":\"BreadcrumbList\",\"@id\":\"https:\/\/sabong.cafe\/vn\/#breadcrumb\",\"itemListElement\":[{\"@type\":\"ListItem\",\"position\":1,\"name\":\"\u0413\u043b\u0430\u0432\u043d\u0430\u044f \u0441\u0442\u0440\u0430\u043d\u0438\u0446\u0430\",\"item\":\"https:\/\/sabong.cafe\/vn\/\"},{\"@type\":\"ListItem\",\"position\":2,\"name\":\"Trang ch\u1ee7\"}]},{\"@type\":\"WebSite\",\"@id\":\"https:\/\/sabong.cafe\/vn\/#website\",\"url\":\"https:\/\/sabong.cafe\/vn\/\",\"name\":\"Sabong.cafe VN\",\"description\":\"My WordPress Blog\",\"potentialAction\":[{\"@type\":\"SearchAction\",\"target\":{\"@type\":\"EntryPoint\",\"urlTemplate\":\"https:\/\/sabong.cafe\/vn\/?s={search_term_string}\"},\"query-input\":{\"@type\":\"PropertyValueSpecification\",\"valueRequired\":true,\"valueName\":\"search_term_string\"}}],\"inLanguage\":\"vi\"}]}<\/script>\n<!-- \/ Yoast SEO plugin. -->","yoast_head_json":{"title":"Sabong tr\u1ef1c tuy\u1ebfn > L\u1ecbch s\u1eed, V\u0103n h\u00f3a, Kinh t\u1ebf v\u00e0 Truy\u1ec1n th\u1ed1ng T\u01b0\u01a1ng lai","description":"T\u00ecm hi\u1ec3u t\u1ea5t c\u1ea3 v\u1ec1 Sabong: Ngu\u1ed3n g\u1ed1c l\u1ecbch s\u1eed, \u00fd ngh\u0129a v\u0103n h\u00f3a, t\u00e1c \u0111\u1ed9ng kinh t\u1ebf v\u00e0 c\u00f4ng ngh\u1ec7 hi\u1ec7n \u0111\u1ea1i. Xem x\u00e9t c\u00e1c quy t\u1eafc, kh\u00eda c\u1ea1nh \u0111\u1ea1o \u0111\u1ee9c v\u00e0 tranh c\u00e3i.","robots":{"index":"index","follow":"follow","max-snippet":"max-snippet:-1","max-image-preview":"max-image-preview:large","max-video-preview":"max-video-preview:-1"},"og_locale":"vi_VN","og_type":"article","og_title":"Sabong tr\u1ef1c tuy\u1ebfn > L\u1ecbch s\u1eed, V\u0103n h\u00f3a, Kinh t\u1ebf v\u00e0 Truy\u1ec1n th\u1ed1ng T\u01b0\u01a1ng lai","og_description":"T\u00ecm hi\u1ec3u t\u1ea5t c\u1ea3 v\u1ec1 Sabong: Ngu\u1ed3n g\u1ed1c l\u1ecbch s\u1eed, \u00fd ngh\u0129a v\u0103n h\u00f3a, t\u00e1c \u0111\u1ed9ng kinh t\u1ebf v\u00e0 c\u00f4ng ngh\u1ec7 hi\u1ec7n \u0111\u1ea1i. Xem x\u00e9t c\u00e1c quy t\u1eafc, kh\u00eda c\u1ea1nh \u0111\u1ea1o \u0111\u1ee9c v\u00e0 tranh c\u00e3i.","og_url":"https:\/\/sabong.cafe\/vn\/","og_site_name":"Sabong.cafe VN","article_modified_time":"2025-02-01T09:38:54+00:00","twitter_card":"summary_large_image","schema":{"@context":"https:\/\/schema.org","@graph":[{"@type":"WebPage","@id":"https:\/\/sabong.cafe\/vn\/","url":"https:\/\/sabong.cafe\/vn\/","name":"Sabong tr\u1ef1c tuy\u1ebfn > L\u1ecbch s\u1eed, V\u0103n h\u00f3a, Kinh t\u1ebf v\u00e0 Truy\u1ec1n th\u1ed1ng T\u01b0\u01a1ng lai","isPartOf":{"@id":"https:\/\/sabong.cafe\/vn\/#website"},"datePublished":"2023-05-18T17:18:34+00:00","dateModified":"2025-02-01T09:38:54+00:00","description":"T\u00ecm hi\u1ec3u t\u1ea5t c\u1ea3 v\u1ec1 Sabong: Ngu\u1ed3n g\u1ed1c l\u1ecbch s\u1eed, \u00fd ngh\u0129a v\u0103n h\u00f3a, t\u00e1c \u0111\u1ed9ng kinh t\u1ebf v\u00e0 c\u00f4ng ngh\u1ec7 hi\u1ec7n \u0111\u1ea1i. Xem x\u00e9t c\u00e1c quy t\u1eafc, kh\u00eda c\u1ea1nh \u0111\u1ea1o \u0111\u1ee9c v\u00e0 tranh c\u00e3i.","breadcrumb":{"@id":"https:\/\/sabong.cafe\/vn\/#breadcrumb"},"inLanguage":"vi","potentialAction":[{"@type":"ReadAction","target":["https:\/\/sabong.cafe\/vn\/"]}]},{"@type":"BreadcrumbList","@id":"https:\/\/sabong.cafe\/vn\/#breadcrumb","itemListElement":[{"@type":"ListItem","position":1,"name":"\u0413\u043b\u0430\u0432\u043d\u0430\u044f \u0441\u0442\u0440\u0430\u043d\u0438\u0446\u0430","item":"https:\/\/sabong.cafe\/vn\/"},{"@type":"ListItem","position":2,"name":"Trang ch\u1ee7"}]},{"@type":"WebSite","@id":"https:\/\/sabong.cafe\/vn\/#website","url":"https:\/\/sabong.cafe\/vn\/","name":"Sabong.cafe VN","description":"My WordPress Blog","potentialAction":[{"@type":"SearchAction","target":{"@type":"EntryPoint","urlTemplate":"https:\/\/sabong.cafe\/vn\/?s={search_term_string}"},"query-input":{"@type":"PropertyValueSpecification","valueRequired":true,"valueName":"search_term_string"}}],"inLanguage":"vi"}]}},"_links":{"self":[{"href":"https:\/\/sabong.cafe\/vn\/wp-json\/wp\/v2\/pages\/2","targetHints":{"allow":["GET"]}}],"collection":[{"href":"https:\/\/sabong.cafe\/vn\/wp-json\/wp\/v2\/pages"}],"about":[{"href":"https:\/\/sabong.cafe\/vn\/wp-json\/wp\/v2\/types\/page"}],"author":[{"embeddable":true,"href":"https:\/\/sabong.cafe\/vn\/wp-json\/wp\/v2\/users\/1"}],"replies":[{"embeddable":true,"href":"https:\/\/sabong.cafe\/vn\/wp-json\/wp\/v2\/comments?post=2"}],"version-history":[{"count":34,"href":"https:\/\/sabong.cafe\/vn\/wp-json\/wp\/v2\/pages\/2\/revisions"}],"predecessor-version":[{"id":350,"href":"https:\/\/sabong.cafe\/vn\/wp-json\/wp\/v2\/pages\/2\/revisions\/350"}],"wp:attachment":[{"href":"https:\/\/sabong.cafe\/vn\/wp-json\/wp\/v2\/media?parent=2"}],"curies":[{"name":"wp","href":"https:\/\/api.w.org\/{rel}","templated":true}]}}