{"id":170,"date":"2025-01-28T08:28:42","date_gmt":"2025-01-28T08:28:42","guid":{"rendered":"https:\/\/sabong.cafe\/vn\/?page_id=170"},"modified":"2025-02-03T08:47:47","modified_gmt":"2025-02-03T08:47:47","slug":"betting-tips-and-tutorials","status":"publish","type":"page","link":"https:\/\/sabong.cafe\/vn\/betting-tips-and-tutorials\/","title":{"rendered":"M\u1eb9o c\u00e1 c\u01b0\u1ee3c v\u00e0 h\u01b0\u1edbng d\u1eabn"},"content":{"rendered":"","protected":false},"excerpt":{"rendered":"","protected":false},"author":1,"featured_media":0,"parent":0,"menu_order":0,"comment_status":"closed","ping_status":"closed","template":"","meta":{"footnotes":""},"class_list":["post-170","page","type-page","status-publish","hentry"],"yoast_head":"<!-- This site is optimized with the Yoast SEO plugin v24.3 - https:\/\/yoast.com\/wordpress\/plugins\/seo\/ -->\n<title>M\u1eb9o c\u00e1 c\u01b0\u1ee3c cho sabong &gt; M\u1eb9o c\u00e1 c\u01b0\u1ee3c t\u1ed1t nh\u1ea5t cho ng\u01b0\u1eddi ch\u01a1i<\/title>\n<meta name=\"description\" content=\"B\u1ea1n mu\u1ed1n bi\u1ebft v\u1ec1 m\u1eb9o c\u00e1 c\u01b0\u1ee3c sabong t\u1ed1t nh\u1ea5t? \u0110\u00e2y l\u00e0 h\u01b0\u1edbng d\u1eabn d\u00e0nh cho b\u1ea1n! C\u00e1c k\u1ef9 thu\u1eadt c\u01a1 b\u1ea3n, c\u00f4ng c\u1ee5, h\u01b0\u1edbng d\u1eabn d\u00e0nh cho ng\u01b0\u1eddi m\u1edbi b\u1eaft \u0111\u1ea7u v\u00e0 ng\u01b0\u1eddi ch\u01a1i n\u00e2ng cao.\" \/>\n<meta name=\"robots\" content=\"index, follow, max-snippet:-1, max-image-preview:large, max-video-preview:-1\" \/>\n<meta property=\"og:locale\" content=\"vi_VN\" \/>\n<meta property=\"og:type\" content=\"article\" \/>\n<meta property=\"og:title\" content=\"M\u1eb9o c\u00e1 c\u01b0\u1ee3c cho sabong &gt; M\u1eb9o c\u00e1 c\u01b0\u1ee3c t\u1ed1t nh\u1ea5t cho ng\u01b0\u1eddi ch\u01a1i\" \/>\n<meta property=\"og:description\" content=\"B\u1ea1n mu\u1ed1n bi\u1ebft v\u1ec1 m\u1eb9o c\u00e1 c\u01b0\u1ee3c sabong t\u1ed1t nh\u1ea5t? \u0110\u00e2y l\u00e0 h\u01b0\u1edbng d\u1eabn d\u00e0nh cho b\u1ea1n! C\u00e1c k\u1ef9 thu\u1eadt c\u01a1 b\u1ea3n, c\u00f4ng c\u1ee5, h\u01b0\u1edbng d\u1eabn d\u00e0nh cho ng\u01b0\u1eddi m\u1edbi b\u1eaft \u0111\u1ea7u v\u00e0 ng\u01b0\u1eddi ch\u01a1i n\u00e2ng cao.\" \/>\n<meta property=\"og:url\" content=\"https:\/\/sabong.cafe\/vn\/betting-tips-and-tutorials\/\" \/>\n<meta property=\"og:site_name\" content=\"Sabong.cafe VN\" \/>\n<meta property=\"article:modified_time\" content=\"2025-02-03T08:47:47+00:00\" \/>\n<meta name=\"twitter:card\" content=\"summary_large_image\" \/>\n<script type=\"application\/ld+json\" class=\"yoast-schema-graph\">{\"@context\":\"https:\/\/schema.org\",\"@graph\":[{\"@type\":\"WebPage\",\"@id\":\"https:\/\/sabong.cafe\/vn\/betting-tips-and-tutorials\/\",\"url\":\"https:\/\/sabong.cafe\/vn\/betting-tips-and-tutorials\/\",\"name\":\"M\u1eb9o c\u00e1 c\u01b0\u1ee3c cho sabong > M\u1eb9o c\u00e1 c\u01b0\u1ee3c t\u1ed1t nh\u1ea5t cho ng\u01b0\u1eddi ch\u01a1i\",\"isPartOf\":{\"@id\":\"https:\/\/sabong.cafe\/vn\/#website\"},\"datePublished\":\"2025-01-28T08:28:42+00:00\",\"dateModified\":\"2025-02-03T08:47:47+00:00\",\"description\":\"B\u1ea1n mu\u1ed1n bi\u1ebft v\u1ec1 m\u1eb9o c\u00e1 c\u01b0\u1ee3c sabong t\u1ed1t nh\u1ea5t? \u0110\u00e2y l\u00e0 h\u01b0\u1edbng d\u1eabn d\u00e0nh cho b\u1ea1n! C\u00e1c k\u1ef9 thu\u1eadt c\u01a1 b\u1ea3n, c\u00f4ng c\u1ee5, h\u01b0\u1edbng d\u1eabn d\u00e0nh cho ng\u01b0\u1eddi m\u1edbi b\u1eaft \u0111\u1ea7u v\u00e0 ng\u01b0\u1eddi ch\u01a1i n\u00e2ng cao.\",\"breadcrumb\":{\"@id\":\"https:\/\/sabong.cafe\/vn\/betting-tips-and-tutorials\/#breadcrumb\"},\"inLanguage\":\"vi\",\"potentialAction\":[{\"@type\":\"ReadAction\",\"target\":[\"https:\/\/sabong.cafe\/vn\/betting-tips-and-tutorials\/\"]}]},{\"@type\":\"BreadcrumbList\",\"@id\":\"https:\/\/sabong.cafe\/vn\/betting-tips-and-tutorials\/#breadcrumb\",\"itemListElement\":[{\"@type\":\"ListItem\",\"position\":1,\"name\":\"\u0413\u043b\u0430\u0432\u043d\u0430\u044f \u0441\u0442\u0440\u0430\u043d\u0438\u0446\u0430\",\"item\":\"https:\/\/sabong.cafe\/vn\/\"},{\"@type\":\"ListItem\",\"position\":2,\"name\":\"M\u1eb9o c\u00e1 c\u01b0\u1ee3c v\u00e0 h\u01b0\u1edbng d\u1eabn\"}]},{\"@type\":\"WebSite\",\"@id\":\"https:\/\/sabong.cafe\/vn\/#website\",\"url\":\"https:\/\/sabong.cafe\/vn\/\",\"name\":\"Sabong.cafe VN\",\"description\":\"My WordPress Blog\",\"potentialAction\":[{\"@type\":\"SearchAction\",\"target\":{\"@type\":\"EntryPoint\",\"urlTemplate\":\"https:\/\/sabong.cafe\/vn\/?s={search_term_string}\"},\"query-input\":{\"@type\":\"PropertyValueSpecification\",\"valueRequired\":true,\"valueName\":\"search_term_string\"}}],\"inLanguage\":\"vi\"}]}<\/script>\n<!-- \/ Yoast SEO plugin. -->","yoast_head_json":{"title":"M\u1eb9o c\u00e1 c\u01b0\u1ee3c cho sabong > M\u1eb9o c\u00e1 c\u01b0\u1ee3c t\u1ed1t nh\u1ea5t cho ng\u01b0\u1eddi ch\u01a1i","description":"B\u1ea1n mu\u1ed1n bi\u1ebft v\u1ec1 m\u1eb9o c\u00e1 c\u01b0\u1ee3c sabong t\u1ed1t nh\u1ea5t? \u0110\u00e2y l\u00e0 h\u01b0\u1edbng d\u1eabn d\u00e0nh cho b\u1ea1n! C\u00e1c k\u1ef9 thu\u1eadt c\u01a1 b\u1ea3n, c\u00f4ng c\u1ee5, h\u01b0\u1edbng d\u1eabn d\u00e0nh cho ng\u01b0\u1eddi m\u1edbi b\u1eaft \u0111\u1ea7u v\u00e0 ng\u01b0\u1eddi ch\u01a1i n\u00e2ng cao.","robots":{"index":"index","follow":"follow","max-snippet":"max-snippet:-1","max-image-preview":"max-image-preview:large","max-video-preview":"max-video-preview:-1"},"og_locale":"vi_VN","og_type":"article","og_title":"M\u1eb9o c\u00e1 c\u01b0\u1ee3c cho sabong > M\u1eb9o c\u00e1 c\u01b0\u1ee3c t\u1ed1t nh\u1ea5t cho ng\u01b0\u1eddi ch\u01a1i","og_description":"B\u1ea1n mu\u1ed1n bi\u1ebft v\u1ec1 m\u1eb9o c\u00e1 c\u01b0\u1ee3c sabong t\u1ed1t nh\u1ea5t? \u0110\u00e2y l\u00e0 h\u01b0\u1edbng d\u1eabn d\u00e0nh cho b\u1ea1n! C\u00e1c k\u1ef9 thu\u1eadt c\u01a1 b\u1ea3n, c\u00f4ng c\u1ee5, h\u01b0\u1edbng d\u1eabn d\u00e0nh cho ng\u01b0\u1eddi m\u1edbi b\u1eaft \u0111\u1ea7u v\u00e0 ng\u01b0\u1eddi ch\u01a1i n\u00e2ng cao.","og_url":"https:\/\/sabong.cafe\/vn\/betting-tips-and-tutorials\/","og_site_name":"Sabong.cafe VN","article_modified_time":"2025-02-03T08:47:47+00:00","twitter_card":"summary_large_image","schema":{"@context":"https:\/\/schema.org","@graph":[{"@type":"WebPage","@id":"https:\/\/sabong.cafe\/vn\/betting-tips-and-tutorials\/","url":"https:\/\/sabong.cafe\/vn\/betting-tips-and-tutorials\/","name":"M\u1eb9o c\u00e1 c\u01b0\u1ee3c cho sabong > M\u1eb9o c\u00e1 c\u01b0\u1ee3c t\u1ed1t nh\u1ea5t cho ng\u01b0\u1eddi ch\u01a1i","isPartOf":{"@id":"https:\/\/sabong.cafe\/vn\/#website"},"datePublished":"2025-01-28T08:28:42+00:00","dateModified":"2025-02-03T08:47:47+00:00","description":"B\u1ea1n mu\u1ed1n bi\u1ebft v\u1ec1 m\u1eb9o c\u00e1 c\u01b0\u1ee3c sabong t\u1ed1t nh\u1ea5t? \u0110\u00e2y l\u00e0 h\u01b0\u1edbng d\u1eabn d\u00e0nh cho b\u1ea1n! C\u00e1c k\u1ef9 thu\u1eadt c\u01a1 b\u1ea3n, c\u00f4ng c\u1ee5, h\u01b0\u1edbng d\u1eabn d\u00e0nh cho ng\u01b0\u1eddi m\u1edbi b\u1eaft \u0111\u1ea7u v\u00e0 ng\u01b0\u1eddi ch\u01a1i n\u00e2ng cao.","breadcrumb":{"@id":"https:\/\/sabong.cafe\/vn\/betting-tips-and-tutorials\/#breadcrumb"},"inLanguage":"vi","potentialAction":[{"@type":"ReadAction","target":["https:\/\/sabong.cafe\/vn\/betting-tips-and-tutorials\/"]}]},{"@type":"BreadcrumbList","@id":"https:\/\/sabong.cafe\/vn\/betting-tips-and-tutorials\/#breadcrumb","itemListElement":[{"@type":"ListItem","position":1,"name":"\u0413\u043b\u0430\u0432\u043d\u0430\u044f \u0441\u0442\u0440\u0430\u043d\u0438\u0446\u0430","item":"https:\/\/sabong.cafe\/vn\/"},{"@type":"ListItem","position":2,"name":"M\u1eb9o c\u00e1 c\u01b0\u1ee3c v\u00e0 h\u01b0\u1edbng d\u1eabn"}]},{"@type":"WebSite","@id":"https:\/\/sabong.cafe\/vn\/#website","url":"https:\/\/sabong.cafe\/vn\/","name":"Sabong.cafe VN","description":"My WordPress Blog","potentialAction":[{"@type":"SearchAction","target":{"@type":"EntryPoint","urlTemplate":"https:\/\/sabong.cafe\/vn\/?s={search_term_string}"},"query-input":{"@type":"PropertyValueSpecification","valueRequired":true,"valueName":"search_term_string"}}],"inLanguage":"vi"}]}},"_links":{"self":[{"href":"https:\/\/sabong.cafe\/vn\/wp-json\/wp\/v2\/pages\/170","targetHints":{"allow":["GET"]}}],"collection":[{"href":"https:\/\/sabong.cafe\/vn\/wp-json\/wp\/v2\/pages"}],"about":[{"href":"https:\/\/sabong.cafe\/vn\/wp-json\/wp\/v2\/types\/page"}],"author":[{"embeddable":true,"href":"https:\/\/sabong.cafe\/vn\/wp-json\/wp\/v2\/users\/1"}],"replies":[{"embeddable":true,"href":"https:\/\/sabong.cafe\/vn\/wp-json\/wp\/v2\/comments?post=170"}],"version-history":[{"count":15,"href":"https:\/\/sabong.cafe\/vn\/wp-json\/wp\/v2\/pages\/170\/revisions"}],"predecessor-version":[{"id":357,"href":"https:\/\/sabong.cafe\/vn\/wp-json\/wp\/v2\/pages\/170\/revisions\/357"}],"wp:attachment":[{"href":"https:\/\/sabong.cafe\/vn\/wp-json\/wp\/v2\/media?parent=170"}],"curies":[{"name":"wp","href":"https:\/\/api.w.org\/{rel}","templated":true}]}}