{"id":168,"date":"2025-01-28T08:28:24","date_gmt":"2025-01-28T08:28:24","guid":{"rendered":"https:\/\/sabong.cafe\/vn\/?page_id=168"},"modified":"2025-02-03T09:57:23","modified_gmt":"2025-02-03T09:57:23","slug":"mobile-access-and-apps","status":"publish","type":"page","link":"https:\/\/sabong.cafe\/vn\/mobile-access-and-apps\/","title":{"rendered":"Truy c\u1eadp di \u0111\u1ed9ng v\u00e0 \u1ee9ng d\u1ee5ng"},"content":{"rendered":"","protected":false},"excerpt":{"rendered":"","protected":false},"author":1,"featured_media":0,"parent":0,"menu_order":0,"comment_status":"closed","ping_status":"closed","template":"","meta":{"footnotes":""},"class_list":["post-168","page","type-page","status-publish","hentry"],"yoast_head":"<!-- This site is optimized with the Yoast SEO plugin v24.3 - https:\/\/yoast.com\/wordpress\/plugins\/seo\/ -->\n<title>\u1ee8ng d\u1ee5ng Sabong tr\u1ef1c tuy\u1ebfn &gt; Truy\u1ec1n th\u1ed1ng v\u00e0 c\u00f4ng ngh\u1ec7 hi\u1ec7n \u0111\u1ea1i trong m\u1ed9t \u1ee9ng d\u1ee5ng<\/title>\n<meta name=\"description\" content=\"T\u00ecm hi\u1ec3u t\u1ea5t c\u1ea3 v\u1ec1 \u1ee9ng d\u1ee5ng sabong: c\u00e1ch \u1ee9ng d\u1ee5ng n\u00e0y b\u1ea3o t\u1ed3n di s\u1ea3n v\u0103n h\u00f3a c\u1ee7a tr\u00f2 ch\u1ecdi g\u00e0, nh\u1eefng t\u00ednh n\u0103ng m\u00e0 \u1ee9ng d\u1ee5ng n\u00e0y cung c\u1ea5p v\u00e0 nh\u1eefng \u0111i\u1ec1u c\u1ea7n l\u01b0u \u00fd khi ch\u1ecdn \u1ee9ng d\u1ee5ng. M\u1eb9o cho ng\u01b0\u1eddi m\u1edbi b\u1eaft \u0111\u1ea7u, ph\u00e2n t\u00edch c\u00e1c n\u1ec1n t\u1ea3ng ph\u1ed5 bi\u1ebfn v\u00e0 c\u00e1i nh\u00ecn v\u1ec1 t\u01b0\u01a1ng lai c\u1ee7a ng\u00e0nh.\" \/>\n<meta name=\"robots\" content=\"index, follow, max-snippet:-1, max-image-preview:large, max-video-preview:-1\" \/>\n<meta property=\"og:locale\" content=\"vi_VN\" \/>\n<meta property=\"og:type\" content=\"article\" \/>\n<meta property=\"og:title\" content=\"\u1ee8ng d\u1ee5ng Sabong tr\u1ef1c tuy\u1ebfn &gt; Truy\u1ec1n th\u1ed1ng v\u00e0 c\u00f4ng ngh\u1ec7 hi\u1ec7n \u0111\u1ea1i trong m\u1ed9t \u1ee9ng d\u1ee5ng\" \/>\n<meta property=\"og:description\" content=\"T\u00ecm hi\u1ec3u t\u1ea5t c\u1ea3 v\u1ec1 \u1ee9ng d\u1ee5ng sabong: c\u00e1ch \u1ee9ng d\u1ee5ng n\u00e0y b\u1ea3o t\u1ed3n di s\u1ea3n v\u0103n h\u00f3a c\u1ee7a tr\u00f2 ch\u1ecdi g\u00e0, nh\u1eefng t\u00ednh n\u0103ng m\u00e0 \u1ee9ng d\u1ee5ng n\u00e0y cung c\u1ea5p v\u00e0 nh\u1eefng \u0111i\u1ec1u c\u1ea7n l\u01b0u \u00fd khi ch\u1ecdn \u1ee9ng d\u1ee5ng. M\u1eb9o cho ng\u01b0\u1eddi m\u1edbi b\u1eaft \u0111\u1ea7u, ph\u00e2n t\u00edch c\u00e1c n\u1ec1n t\u1ea3ng ph\u1ed5 bi\u1ebfn v\u00e0 c\u00e1i nh\u00ecn v\u1ec1 t\u01b0\u01a1ng lai c\u1ee7a ng\u00e0nh.\" \/>\n<meta property=\"og:url\" content=\"https:\/\/sabong.cafe\/vn\/mobile-access-and-apps\/\" \/>\n<meta property=\"og:site_name\" content=\"Sabong.cafe VN\" \/>\n<meta property=\"article:modified_time\" content=\"2025-02-03T09:57:23+00:00\" \/>\n<meta name=\"twitter:card\" content=\"summary_large_image\" \/>\n<script type=\"application\/ld+json\" class=\"yoast-schema-graph\">{\"@context\":\"https:\/\/schema.org\",\"@graph\":[{\"@type\":\"WebPage\",\"@id\":\"https:\/\/sabong.cafe\/vn\/mobile-access-and-apps\/\",\"url\":\"https:\/\/sabong.cafe\/vn\/mobile-access-and-apps\/\",\"name\":\"\u1ee8ng d\u1ee5ng Sabong tr\u1ef1c tuy\u1ebfn > Truy\u1ec1n th\u1ed1ng v\u00e0 c\u00f4ng ngh\u1ec7 hi\u1ec7n \u0111\u1ea1i trong m\u1ed9t \u1ee9ng d\u1ee5ng\",\"isPartOf\":{\"@id\":\"https:\/\/sabong.cafe\/vn\/#website\"},\"datePublished\":\"2025-01-28T08:28:24+00:00\",\"dateModified\":\"2025-02-03T09:57:23+00:00\",\"description\":\"T\u00ecm hi\u1ec3u t\u1ea5t c\u1ea3 v\u1ec1 \u1ee9ng d\u1ee5ng sabong: c\u00e1ch \u1ee9ng d\u1ee5ng n\u00e0y b\u1ea3o t\u1ed3n di s\u1ea3n v\u0103n h\u00f3a c\u1ee7a tr\u00f2 ch\u1ecdi g\u00e0, nh\u1eefng t\u00ednh n\u0103ng m\u00e0 \u1ee9ng d\u1ee5ng n\u00e0y cung c\u1ea5p v\u00e0 nh\u1eefng \u0111i\u1ec1u c\u1ea7n l\u01b0u \u00fd khi ch\u1ecdn \u1ee9ng d\u1ee5ng. M\u1eb9o cho ng\u01b0\u1eddi m\u1edbi b\u1eaft \u0111\u1ea7u, ph\u00e2n t\u00edch c\u00e1c n\u1ec1n t\u1ea3ng ph\u1ed5 bi\u1ebfn v\u00e0 c\u00e1i nh\u00ecn v\u1ec1 t\u01b0\u01a1ng lai c\u1ee7a ng\u00e0nh.\",\"breadcrumb\":{\"@id\":\"https:\/\/sabong.cafe\/vn\/mobile-access-and-apps\/#breadcrumb\"},\"inLanguage\":\"vi\",\"potentialAction\":[{\"@type\":\"ReadAction\",\"target\":[\"https:\/\/sabong.cafe\/vn\/mobile-access-and-apps\/\"]}]},{\"@type\":\"BreadcrumbList\",\"@id\":\"https:\/\/sabong.cafe\/vn\/mobile-access-and-apps\/#breadcrumb\",\"itemListElement\":[{\"@type\":\"ListItem\",\"position\":1,\"name\":\"\u0413\u043b\u0430\u0432\u043d\u0430\u044f \u0441\u0442\u0440\u0430\u043d\u0438\u0446\u0430\",\"item\":\"https:\/\/sabong.cafe\/vn\/\"},{\"@type\":\"ListItem\",\"position\":2,\"name\":\"Truy c\u1eadp di \u0111\u1ed9ng v\u00e0 \u1ee9ng d\u1ee5ng\"}]},{\"@type\":\"WebSite\",\"@id\":\"https:\/\/sabong.cafe\/vn\/#website\",\"url\":\"https:\/\/sabong.cafe\/vn\/\",\"name\":\"Sabong.cafe VN\",\"description\":\"My WordPress Blog\",\"potentialAction\":[{\"@type\":\"SearchAction\",\"target\":{\"@type\":\"EntryPoint\",\"urlTemplate\":\"https:\/\/sabong.cafe\/vn\/?s={search_term_string}\"},\"query-input\":{\"@type\":\"PropertyValueSpecification\",\"valueRequired\":true,\"valueName\":\"search_term_string\"}}],\"inLanguage\":\"vi\"}]}<\/script>\n<!-- \/ Yoast SEO plugin. -->","yoast_head_json":{"title":"\u1ee8ng d\u1ee5ng Sabong tr\u1ef1c tuy\u1ebfn > Truy\u1ec1n th\u1ed1ng v\u00e0 c\u00f4ng ngh\u1ec7 hi\u1ec7n \u0111\u1ea1i trong m\u1ed9t \u1ee9ng d\u1ee5ng","description":"T\u00ecm hi\u1ec3u t\u1ea5t c\u1ea3 v\u1ec1 \u1ee9ng d\u1ee5ng sabong: c\u00e1ch \u1ee9ng d\u1ee5ng n\u00e0y b\u1ea3o t\u1ed3n di s\u1ea3n v\u0103n h\u00f3a c\u1ee7a tr\u00f2 ch\u1ecdi g\u00e0, nh\u1eefng t\u00ednh n\u0103ng m\u00e0 \u1ee9ng d\u1ee5ng n\u00e0y cung c\u1ea5p v\u00e0 nh\u1eefng \u0111i\u1ec1u c\u1ea7n l\u01b0u \u00fd khi ch\u1ecdn \u1ee9ng d\u1ee5ng. M\u1eb9o cho ng\u01b0\u1eddi m\u1edbi b\u1eaft \u0111\u1ea7u, ph\u00e2n t\u00edch c\u00e1c n\u1ec1n t\u1ea3ng ph\u1ed5 bi\u1ebfn v\u00e0 c\u00e1i nh\u00ecn v\u1ec1 t\u01b0\u01a1ng lai c\u1ee7a ng\u00e0nh.","robots":{"index":"index","follow":"follow","max-snippet":"max-snippet:-1","max-image-preview":"max-image-preview:large","max-video-preview":"max-video-preview:-1"},"og_locale":"vi_VN","og_type":"article","og_title":"\u1ee8ng d\u1ee5ng Sabong tr\u1ef1c tuy\u1ebfn > Truy\u1ec1n th\u1ed1ng v\u00e0 c\u00f4ng ngh\u1ec7 hi\u1ec7n \u0111\u1ea1i trong m\u1ed9t \u1ee9ng d\u1ee5ng","og_description":"T\u00ecm hi\u1ec3u t\u1ea5t c\u1ea3 v\u1ec1 \u1ee9ng d\u1ee5ng sabong: c\u00e1ch \u1ee9ng d\u1ee5ng n\u00e0y b\u1ea3o t\u1ed3n di s\u1ea3n v\u0103n h\u00f3a c\u1ee7a tr\u00f2 ch\u1ecdi g\u00e0, nh\u1eefng t\u00ednh n\u0103ng m\u00e0 \u1ee9ng d\u1ee5ng n\u00e0y cung c\u1ea5p v\u00e0 nh\u1eefng \u0111i\u1ec1u c\u1ea7n l\u01b0u \u00fd khi ch\u1ecdn \u1ee9ng d\u1ee5ng. M\u1eb9o cho ng\u01b0\u1eddi m\u1edbi b\u1eaft \u0111\u1ea7u, ph\u00e2n t\u00edch c\u00e1c n\u1ec1n t\u1ea3ng ph\u1ed5 bi\u1ebfn v\u00e0 c\u00e1i nh\u00ecn v\u1ec1 t\u01b0\u01a1ng lai c\u1ee7a ng\u00e0nh.","og_url":"https:\/\/sabong.cafe\/vn\/mobile-access-and-apps\/","og_site_name":"Sabong.cafe VN","article_modified_time":"2025-02-03T09:57:23+00:00","twitter_card":"summary_large_image","schema":{"@context":"https:\/\/schema.org","@graph":[{"@type":"WebPage","@id":"https:\/\/sabong.cafe\/vn\/mobile-access-and-apps\/","url":"https:\/\/sabong.cafe\/vn\/mobile-access-and-apps\/","name":"\u1ee8ng d\u1ee5ng Sabong tr\u1ef1c tuy\u1ebfn > Truy\u1ec1n th\u1ed1ng v\u00e0 c\u00f4ng ngh\u1ec7 hi\u1ec7n \u0111\u1ea1i trong m\u1ed9t \u1ee9ng d\u1ee5ng","isPartOf":{"@id":"https:\/\/sabong.cafe\/vn\/#website"},"datePublished":"2025-01-28T08:28:24+00:00","dateModified":"2025-02-03T09:57:23+00:00","description":"T\u00ecm hi\u1ec3u t\u1ea5t c\u1ea3 v\u1ec1 \u1ee9ng d\u1ee5ng sabong: c\u00e1ch \u1ee9ng d\u1ee5ng n\u00e0y b\u1ea3o t\u1ed3n di s\u1ea3n v\u0103n h\u00f3a c\u1ee7a tr\u00f2 ch\u1ecdi g\u00e0, nh\u1eefng t\u00ednh n\u0103ng m\u00e0 \u1ee9ng d\u1ee5ng n\u00e0y cung c\u1ea5p v\u00e0 nh\u1eefng \u0111i\u1ec1u c\u1ea7n l\u01b0u \u00fd khi ch\u1ecdn \u1ee9ng d\u1ee5ng. M\u1eb9o cho ng\u01b0\u1eddi m\u1edbi b\u1eaft \u0111\u1ea7u, ph\u00e2n t\u00edch c\u00e1c n\u1ec1n t\u1ea3ng ph\u1ed5 bi\u1ebfn v\u00e0 c\u00e1i nh\u00ecn v\u1ec1 t\u01b0\u01a1ng lai c\u1ee7a ng\u00e0nh.","breadcrumb":{"@id":"https:\/\/sabong.cafe\/vn\/mobile-access-and-apps\/#breadcrumb"},"inLanguage":"vi","potentialAction":[{"@type":"ReadAction","target":["https:\/\/sabong.cafe\/vn\/mobile-access-and-apps\/"]}]},{"@type":"BreadcrumbList","@id":"https:\/\/sabong.cafe\/vn\/mobile-access-and-apps\/#breadcrumb","itemListElement":[{"@type":"ListItem","position":1,"name":"\u0413\u043b\u0430\u0432\u043d\u0430\u044f \u0441\u0442\u0440\u0430\u043d\u0438\u0446\u0430","item":"https:\/\/sabong.cafe\/vn\/"},{"@type":"ListItem","position":2,"name":"Truy c\u1eadp di \u0111\u1ed9ng v\u00e0 \u1ee9ng d\u1ee5ng"}]},{"@type":"WebSite","@id":"https:\/\/sabong.cafe\/vn\/#website","url":"https:\/\/sabong.cafe\/vn\/","name":"Sabong.cafe VN","description":"My WordPress Blog","potentialAction":[{"@type":"SearchAction","target":{"@type":"EntryPoint","urlTemplate":"https:\/\/sabong.cafe\/vn\/?s={search_term_string}"},"query-input":{"@type":"PropertyValueSpecification","valueRequired":true,"valueName":"search_term_string"}}],"inLanguage":"vi"}]}},"_links":{"self":[{"href":"https:\/\/sabong.cafe\/vn\/wp-json\/wp\/v2\/pages\/168","targetHints":{"allow":["GET"]}}],"collection":[{"href":"https:\/\/sabong.cafe\/vn\/wp-json\/wp\/v2\/pages"}],"about":[{"href":"https:\/\/sabong.cafe\/vn\/wp-json\/wp\/v2\/types\/page"}],"author":[{"embeddable":true,"href":"https:\/\/sabong.cafe\/vn\/wp-json\/wp\/v2\/users\/1"}],"replies":[{"embeddable":true,"href":"https:\/\/sabong.cafe\/vn\/wp-json\/wp\/v2\/comments?post=168"}],"version-history":[{"count":12,"href":"https:\/\/sabong.cafe\/vn\/wp-json\/wp\/v2\/pages\/168\/revisions"}],"predecessor-version":[{"id":362,"href":"https:\/\/sabong.cafe\/vn\/wp-json\/wp\/v2\/pages\/168\/revisions\/362"}],"wp:attachment":[{"href":"https:\/\/sabong.cafe\/vn\/wp-json\/wp\/v2\/media?parent=168"}],"curies":[{"name":"wp","href":"https:\/\/api.w.org\/{rel}","templated":true}]}}