{"id":162,"date":"2025-01-28T08:26:57","date_gmt":"2025-01-28T08:26:57","guid":{"rendered":"https:\/\/sabong.cafe\/vn\/?page_id=162"},"modified":"2025-02-03T09:12:16","modified_gmt":"2025-02-03T09:12:16","slug":"sabong-betting-and-promotions","status":"publish","type":"page","link":"https:\/\/sabong.cafe\/vn\/sabong-betting-and-promotions\/","title":{"rendered":"C\u00e1 c\u01b0\u1ee3c v\u00e0 khuy\u1ebfn m\u00e3i Sabong"},"content":{"rendered":"","protected":false},"excerpt":{"rendered":"","protected":false},"author":1,"featured_media":0,"parent":0,"menu_order":0,"comment_status":"closed","ping_status":"closed","template":"","meta":{"footnotes":""},"class_list":["post-162","page","type-page","status-publish","hentry"],"yoast_head":"<!-- This site is optimized with the Yoast SEO plugin v24.3 - https:\/\/yoast.com\/wordpress\/plugins\/seo\/ -->\n<title>\u0110\u0103ng nh\u1eadp Sabong bet &gt; M\u1eb9o, Chi\u1ebfn l\u01b0\u1ee3c v\u00e0 Khuy\u1ebfn m\u00e3i \u0111\u1ec3 \u0110\u1eb7t c\u01b0\u1ee3c Th\u00e0nh c\u00f4ng<\/title>\n<meta name=\"description\" content=\"T\u00ecm hi\u1ec3u t\u1ea5t c\u1ea3 v\u1ec1 c\u00e1 c\u01b0\u1ee3c ch\u1ecdi g\u00e0: c\u00e1c lo\u1ea1i c\u01b0\u1ee3c, chi\u1ebfn l\u01b0\u1ee3c d\u00e0nh cho ng\u01b0\u1eddi ch\u01a1i c\u00f3 kinh nghi\u1ec7m, ch\u01b0\u01a1ng tr\u00ecnh khuy\u1ebfn m\u00e3i v\u00e0 ti\u1ec1n th\u01b0\u1edfng. Kh\u00e1m ph\u00e1 c\u00e1c n\u1ec1n t\u1ea3ng t\u1ed1t nh\u1ea5t v\u00e0 t\u00ecm hi\u1ec3u tri\u1ec3n v\u1ecdng c\u00e1 c\u01b0\u1ee3c ch\u1ecdi g\u00e0.\" \/>\n<meta name=\"robots\" content=\"index, follow, max-snippet:-1, max-image-preview:large, max-video-preview:-1\" \/>\n<meta property=\"og:locale\" content=\"vi_VN\" \/>\n<meta property=\"og:type\" content=\"article\" \/>\n<meta property=\"og:title\" content=\"\u0110\u0103ng nh\u1eadp Sabong bet &gt; M\u1eb9o, Chi\u1ebfn l\u01b0\u1ee3c v\u00e0 Khuy\u1ebfn m\u00e3i \u0111\u1ec3 \u0110\u1eb7t c\u01b0\u1ee3c Th\u00e0nh c\u00f4ng\" \/>\n<meta property=\"og:description\" content=\"T\u00ecm hi\u1ec3u t\u1ea5t c\u1ea3 v\u1ec1 c\u00e1 c\u01b0\u1ee3c ch\u1ecdi g\u00e0: c\u00e1c lo\u1ea1i c\u01b0\u1ee3c, chi\u1ebfn l\u01b0\u1ee3c d\u00e0nh cho ng\u01b0\u1eddi ch\u01a1i c\u00f3 kinh nghi\u1ec7m, ch\u01b0\u01a1ng tr\u00ecnh khuy\u1ebfn m\u00e3i v\u00e0 ti\u1ec1n th\u01b0\u1edfng. Kh\u00e1m ph\u00e1 c\u00e1c n\u1ec1n t\u1ea3ng t\u1ed1t nh\u1ea5t v\u00e0 t\u00ecm hi\u1ec3u tri\u1ec3n v\u1ecdng c\u00e1 c\u01b0\u1ee3c ch\u1ecdi g\u00e0.\" \/>\n<meta property=\"og:url\" content=\"https:\/\/sabong.cafe\/vn\/sabong-betting-and-promotions\/\" \/>\n<meta property=\"og:site_name\" content=\"Sabong.cafe VN\" \/>\n<meta property=\"article:modified_time\" content=\"2025-02-03T09:12:16+00:00\" \/>\n<meta name=\"twitter:card\" content=\"summary_large_image\" \/>\n<script type=\"application\/ld+json\" class=\"yoast-schema-graph\">{\"@context\":\"https:\/\/schema.org\",\"@graph\":[{\"@type\":\"WebPage\",\"@id\":\"https:\/\/sabong.cafe\/vn\/sabong-betting-and-promotions\/\",\"url\":\"https:\/\/sabong.cafe\/vn\/sabong-betting-and-promotions\/\",\"name\":\"\u0110\u0103ng nh\u1eadp Sabong bet > M\u1eb9o, Chi\u1ebfn l\u01b0\u1ee3c v\u00e0 Khuy\u1ebfn m\u00e3i \u0111\u1ec3 \u0110\u1eb7t c\u01b0\u1ee3c Th\u00e0nh c\u00f4ng\",\"isPartOf\":{\"@id\":\"https:\/\/sabong.cafe\/vn\/#website\"},\"datePublished\":\"2025-01-28T08:26:57+00:00\",\"dateModified\":\"2025-02-03T09:12:16+00:00\",\"description\":\"T\u00ecm hi\u1ec3u t\u1ea5t c\u1ea3 v\u1ec1 c\u00e1 c\u01b0\u1ee3c ch\u1ecdi g\u00e0: c\u00e1c lo\u1ea1i c\u01b0\u1ee3c, chi\u1ebfn l\u01b0\u1ee3c d\u00e0nh cho ng\u01b0\u1eddi ch\u01a1i c\u00f3 kinh nghi\u1ec7m, ch\u01b0\u01a1ng tr\u00ecnh khuy\u1ebfn m\u00e3i v\u00e0 ti\u1ec1n th\u01b0\u1edfng. Kh\u00e1m ph\u00e1 c\u00e1c n\u1ec1n t\u1ea3ng t\u1ed1t nh\u1ea5t v\u00e0 t\u00ecm hi\u1ec3u tri\u1ec3n v\u1ecdng c\u00e1 c\u01b0\u1ee3c ch\u1ecdi g\u00e0.\",\"breadcrumb\":{\"@id\":\"https:\/\/sabong.cafe\/vn\/sabong-betting-and-promotions\/#breadcrumb\"},\"inLanguage\":\"vi\",\"potentialAction\":[{\"@type\":\"ReadAction\",\"target\":[\"https:\/\/sabong.cafe\/vn\/sabong-betting-and-promotions\/\"]}]},{\"@type\":\"BreadcrumbList\",\"@id\":\"https:\/\/sabong.cafe\/vn\/sabong-betting-and-promotions\/#breadcrumb\",\"itemListElement\":[{\"@type\":\"ListItem\",\"position\":1,\"name\":\"\u0413\u043b\u0430\u0432\u043d\u0430\u044f \u0441\u0442\u0440\u0430\u043d\u0438\u0446\u0430\",\"item\":\"https:\/\/sabong.cafe\/vn\/\"},{\"@type\":\"ListItem\",\"position\":2,\"name\":\"C\u00e1 c\u01b0\u1ee3c v\u00e0 khuy\u1ebfn m\u00e3i Sabong\"}]},{\"@type\":\"WebSite\",\"@id\":\"https:\/\/sabong.cafe\/vn\/#website\",\"url\":\"https:\/\/sabong.cafe\/vn\/\",\"name\":\"Sabong.cafe VN\",\"description\":\"My WordPress Blog\",\"potentialAction\":[{\"@type\":\"SearchAction\",\"target\":{\"@type\":\"EntryPoint\",\"urlTemplate\":\"https:\/\/sabong.cafe\/vn\/?s={search_term_string}\"},\"query-input\":{\"@type\":\"PropertyValueSpecification\",\"valueRequired\":true,\"valueName\":\"search_term_string\"}}],\"inLanguage\":\"vi\"}]}<\/script>\n<!-- \/ Yoast SEO plugin. -->","yoast_head_json":{"title":"\u0110\u0103ng nh\u1eadp Sabong bet > M\u1eb9o, Chi\u1ebfn l\u01b0\u1ee3c v\u00e0 Khuy\u1ebfn m\u00e3i \u0111\u1ec3 \u0110\u1eb7t c\u01b0\u1ee3c Th\u00e0nh c\u00f4ng","description":"T\u00ecm hi\u1ec3u t\u1ea5t c\u1ea3 v\u1ec1 c\u00e1 c\u01b0\u1ee3c ch\u1ecdi g\u00e0: c\u00e1c lo\u1ea1i c\u01b0\u1ee3c, chi\u1ebfn l\u01b0\u1ee3c d\u00e0nh cho ng\u01b0\u1eddi ch\u01a1i c\u00f3 kinh nghi\u1ec7m, ch\u01b0\u01a1ng tr\u00ecnh khuy\u1ebfn m\u00e3i v\u00e0 ti\u1ec1n th\u01b0\u1edfng. Kh\u00e1m ph\u00e1 c\u00e1c n\u1ec1n t\u1ea3ng t\u1ed1t nh\u1ea5t v\u00e0 t\u00ecm hi\u1ec3u tri\u1ec3n v\u1ecdng c\u00e1 c\u01b0\u1ee3c ch\u1ecdi g\u00e0.","robots":{"index":"index","follow":"follow","max-snippet":"max-snippet:-1","max-image-preview":"max-image-preview:large","max-video-preview":"max-video-preview:-1"},"og_locale":"vi_VN","og_type":"article","og_title":"\u0110\u0103ng nh\u1eadp Sabong bet > M\u1eb9o, Chi\u1ebfn l\u01b0\u1ee3c v\u00e0 Khuy\u1ebfn m\u00e3i \u0111\u1ec3 \u0110\u1eb7t c\u01b0\u1ee3c Th\u00e0nh c\u00f4ng","og_description":"T\u00ecm hi\u1ec3u t\u1ea5t c\u1ea3 v\u1ec1 c\u00e1 c\u01b0\u1ee3c ch\u1ecdi g\u00e0: c\u00e1c lo\u1ea1i c\u01b0\u1ee3c, chi\u1ebfn l\u01b0\u1ee3c d\u00e0nh cho ng\u01b0\u1eddi ch\u01a1i c\u00f3 kinh nghi\u1ec7m, ch\u01b0\u01a1ng tr\u00ecnh khuy\u1ebfn m\u00e3i v\u00e0 ti\u1ec1n th\u01b0\u1edfng. Kh\u00e1m ph\u00e1 c\u00e1c n\u1ec1n t\u1ea3ng t\u1ed1t nh\u1ea5t v\u00e0 t\u00ecm hi\u1ec3u tri\u1ec3n v\u1ecdng c\u00e1 c\u01b0\u1ee3c ch\u1ecdi g\u00e0.","og_url":"https:\/\/sabong.cafe\/vn\/sabong-betting-and-promotions\/","og_site_name":"Sabong.cafe VN","article_modified_time":"2025-02-03T09:12:16+00:00","twitter_card":"summary_large_image","schema":{"@context":"https:\/\/schema.org","@graph":[{"@type":"WebPage","@id":"https:\/\/sabong.cafe\/vn\/sabong-betting-and-promotions\/","url":"https:\/\/sabong.cafe\/vn\/sabong-betting-and-promotions\/","name":"\u0110\u0103ng nh\u1eadp Sabong bet > M\u1eb9o, Chi\u1ebfn l\u01b0\u1ee3c v\u00e0 Khuy\u1ebfn m\u00e3i \u0111\u1ec3 \u0110\u1eb7t c\u01b0\u1ee3c Th\u00e0nh c\u00f4ng","isPartOf":{"@id":"https:\/\/sabong.cafe\/vn\/#website"},"datePublished":"2025-01-28T08:26:57+00:00","dateModified":"2025-02-03T09:12:16+00:00","description":"T\u00ecm hi\u1ec3u t\u1ea5t c\u1ea3 v\u1ec1 c\u00e1 c\u01b0\u1ee3c ch\u1ecdi g\u00e0: c\u00e1c lo\u1ea1i c\u01b0\u1ee3c, chi\u1ebfn l\u01b0\u1ee3c d\u00e0nh cho ng\u01b0\u1eddi ch\u01a1i c\u00f3 kinh nghi\u1ec7m, ch\u01b0\u01a1ng tr\u00ecnh khuy\u1ebfn m\u00e3i v\u00e0 ti\u1ec1n th\u01b0\u1edfng. Kh\u00e1m ph\u00e1 c\u00e1c n\u1ec1n t\u1ea3ng t\u1ed1t nh\u1ea5t v\u00e0 t\u00ecm hi\u1ec3u tri\u1ec3n v\u1ecdng c\u00e1 c\u01b0\u1ee3c ch\u1ecdi g\u00e0.","breadcrumb":{"@id":"https:\/\/sabong.cafe\/vn\/sabong-betting-and-promotions\/#breadcrumb"},"inLanguage":"vi","potentialAction":[{"@type":"ReadAction","target":["https:\/\/sabong.cafe\/vn\/sabong-betting-and-promotions\/"]}]},{"@type":"BreadcrumbList","@id":"https:\/\/sabong.cafe\/vn\/sabong-betting-and-promotions\/#breadcrumb","itemListElement":[{"@type":"ListItem","position":1,"name":"\u0413\u043b\u0430\u0432\u043d\u0430\u044f \u0441\u0442\u0440\u0430\u043d\u0438\u0446\u0430","item":"https:\/\/sabong.cafe\/vn\/"},{"@type":"ListItem","position":2,"name":"C\u00e1 c\u01b0\u1ee3c v\u00e0 khuy\u1ebfn m\u00e3i Sabong"}]},{"@type":"WebSite","@id":"https:\/\/sabong.cafe\/vn\/#website","url":"https:\/\/sabong.cafe\/vn\/","name":"Sabong.cafe VN","description":"My WordPress Blog","potentialAction":[{"@type":"SearchAction","target":{"@type":"EntryPoint","urlTemplate":"https:\/\/sabong.cafe\/vn\/?s={search_term_string}"},"query-input":{"@type":"PropertyValueSpecification","valueRequired":true,"valueName":"search_term_string"}}],"inLanguage":"vi"}]}},"_links":{"self":[{"href":"https:\/\/sabong.cafe\/vn\/wp-json\/wp\/v2\/pages\/162","targetHints":{"allow":["GET"]}}],"collection":[{"href":"https:\/\/sabong.cafe\/vn\/wp-json\/wp\/v2\/pages"}],"about":[{"href":"https:\/\/sabong.cafe\/vn\/wp-json\/wp\/v2\/types\/page"}],"author":[{"embeddable":true,"href":"https:\/\/sabong.cafe\/vn\/wp-json\/wp\/v2\/users\/1"}],"replies":[{"embeddable":true,"href":"https:\/\/sabong.cafe\/vn\/wp-json\/wp\/v2\/comments?post=162"}],"version-history":[{"count":23,"href":"https:\/\/sabong.cafe\/vn\/wp-json\/wp\/v2\/pages\/162\/revisions"}],"predecessor-version":[{"id":358,"href":"https:\/\/sabong.cafe\/vn\/wp-json\/wp\/v2\/pages\/162\/revisions\/358"}],"wp:attachment":[{"href":"https:\/\/sabong.cafe\/vn\/wp-json\/wp\/v2\/media?parent=162"}],"curies":[{"name":"wp","href":"https:\/\/api.w.org\/{rel}","templated":true}]}}