{"id":160,"date":"2025-01-28T08:26:42","date_gmt":"2025-01-28T08:26:42","guid":{"rendered":"https:\/\/sabong.cafe\/vn\/?page_id=160"},"modified":"2025-02-03T07:43:07","modified_gmt":"2025-02-03T07:43:07","slug":"where-to-bet-on-cockfights","status":"publish","type":"page","link":"https:\/\/sabong.cafe\/vn\/where-to-bet-on-cockfights\/","title":{"rendered":"N\u01a1i \u0111\u1ec3 c\u00e1 c\u01b0\u1ee3c \u0111\u00e1 g\u00e0"},"content":{"rendered":"","protected":false},"excerpt":{"rendered":"","protected":false},"author":1,"featured_media":0,"parent":0,"menu_order":0,"comment_status":"closed","ping_status":"closed","template":"","meta":{"footnotes":""},"class_list":["post-160","page","type-page","status-publish","hentry"],"yoast_head":"<!-- This site is optimized with the Yoast SEO plugin v24.3 - https:\/\/yoast.com\/wordpress\/plugins\/seo\/ -->\n<title>Sabong Bet &gt; H\u01b0\u1edbng d\u1eabn, Chi\u1ebfn l\u01b0\u1ee3c v\u00e0 N\u1ec1n t\u1ea3ng<\/title>\n<meta name=\"description\" content=\"H\u01b0\u1edbng d\u1eabn chi ti\u1ebft v\u1ec1 c\u00e1 c\u01b0\u1ee3c sabong: n\u1ec1n t\u1ea3ng c\u00e1 c\u01b0\u1ee3c t\u1ed1t nh\u1ea5t, chi\u1ebfn l\u01b0\u1ee3c d\u00e0nh cho ng\u01b0\u1eddi m\u1edbi b\u1eaft \u0111\u1ea7u v\u00e0 chuy\u00ean nghi\u1ec7p, vai tr\u00f2 c\u1ee7a c\u00f4ng ngh\u1ec7 v\u00e0 c\u00e1c kh\u00eda c\u1ea1nh ph\u00e1p l\u00fd.\" \/>\n<meta name=\"robots\" content=\"index, follow, max-snippet:-1, max-image-preview:large, max-video-preview:-1\" \/>\n<meta property=\"og:locale\" content=\"vi_VN\" \/>\n<meta property=\"og:type\" content=\"article\" \/>\n<meta property=\"og:title\" content=\"Sabong Bet &gt; H\u01b0\u1edbng d\u1eabn, Chi\u1ebfn l\u01b0\u1ee3c v\u00e0 N\u1ec1n t\u1ea3ng\" \/>\n<meta property=\"og:description\" content=\"H\u01b0\u1edbng d\u1eabn chi ti\u1ebft v\u1ec1 c\u00e1 c\u01b0\u1ee3c sabong: n\u1ec1n t\u1ea3ng c\u00e1 c\u01b0\u1ee3c t\u1ed1t nh\u1ea5t, chi\u1ebfn l\u01b0\u1ee3c d\u00e0nh cho ng\u01b0\u1eddi m\u1edbi b\u1eaft \u0111\u1ea7u v\u00e0 chuy\u00ean nghi\u1ec7p, vai tr\u00f2 c\u1ee7a c\u00f4ng ngh\u1ec7 v\u00e0 c\u00e1c kh\u00eda c\u1ea1nh ph\u00e1p l\u00fd.\" \/>\n<meta property=\"og:url\" content=\"https:\/\/sabong.cafe\/vn\/where-to-bet-on-cockfights\/\" \/>\n<meta property=\"og:site_name\" content=\"Sabong.cafe VN\" \/>\n<meta property=\"article:modified_time\" content=\"2025-02-03T07:43:07+00:00\" \/>\n<meta name=\"twitter:card\" content=\"summary_large_image\" \/>\n<script type=\"application\/ld+json\" class=\"yoast-schema-graph\">{\"@context\":\"https:\/\/schema.org\",\"@graph\":[{\"@type\":\"WebPage\",\"@id\":\"https:\/\/sabong.cafe\/vn\/where-to-bet-on-cockfights\/\",\"url\":\"https:\/\/sabong.cafe\/vn\/where-to-bet-on-cockfights\/\",\"name\":\"Sabong Bet > H\u01b0\u1edbng d\u1eabn, Chi\u1ebfn l\u01b0\u1ee3c v\u00e0 N\u1ec1n t\u1ea3ng\",\"isPartOf\":{\"@id\":\"https:\/\/sabong.cafe\/vn\/#website\"},\"datePublished\":\"2025-01-28T08:26:42+00:00\",\"dateModified\":\"2025-02-03T07:43:07+00:00\",\"description\":\"H\u01b0\u1edbng d\u1eabn chi ti\u1ebft v\u1ec1 c\u00e1 c\u01b0\u1ee3c sabong: n\u1ec1n t\u1ea3ng c\u00e1 c\u01b0\u1ee3c t\u1ed1t nh\u1ea5t, chi\u1ebfn l\u01b0\u1ee3c d\u00e0nh cho ng\u01b0\u1eddi m\u1edbi b\u1eaft \u0111\u1ea7u v\u00e0 chuy\u00ean nghi\u1ec7p, vai tr\u00f2 c\u1ee7a c\u00f4ng ngh\u1ec7 v\u00e0 c\u00e1c kh\u00eda c\u1ea1nh ph\u00e1p l\u00fd.\",\"breadcrumb\":{\"@id\":\"https:\/\/sabong.cafe\/vn\/where-to-bet-on-cockfights\/#breadcrumb\"},\"inLanguage\":\"vi\",\"potentialAction\":[{\"@type\":\"ReadAction\",\"target\":[\"https:\/\/sabong.cafe\/vn\/where-to-bet-on-cockfights\/\"]}]},{\"@type\":\"BreadcrumbList\",\"@id\":\"https:\/\/sabong.cafe\/vn\/where-to-bet-on-cockfights\/#breadcrumb\",\"itemListElement\":[{\"@type\":\"ListItem\",\"position\":1,\"name\":\"\u0413\u043b\u0430\u0432\u043d\u0430\u044f \u0441\u0442\u0440\u0430\u043d\u0438\u0446\u0430\",\"item\":\"https:\/\/sabong.cafe\/vn\/\"},{\"@type\":\"ListItem\",\"position\":2,\"name\":\"N\u01a1i \u0111\u1ec3 c\u00e1 c\u01b0\u1ee3c \u0111\u00e1 g\u00e0\"}]},{\"@type\":\"WebSite\",\"@id\":\"https:\/\/sabong.cafe\/vn\/#website\",\"url\":\"https:\/\/sabong.cafe\/vn\/\",\"name\":\"Sabong.cafe VN\",\"description\":\"My WordPress Blog\",\"potentialAction\":[{\"@type\":\"SearchAction\",\"target\":{\"@type\":\"EntryPoint\",\"urlTemplate\":\"https:\/\/sabong.cafe\/vn\/?s={search_term_string}\"},\"query-input\":{\"@type\":\"PropertyValueSpecification\",\"valueRequired\":true,\"valueName\":\"search_term_string\"}}],\"inLanguage\":\"vi\"}]}<\/script>\n<!-- \/ Yoast SEO plugin. -->","yoast_head_json":{"title":"Sabong Bet > H\u01b0\u1edbng d\u1eabn, Chi\u1ebfn l\u01b0\u1ee3c v\u00e0 N\u1ec1n t\u1ea3ng","description":"H\u01b0\u1edbng d\u1eabn chi ti\u1ebft v\u1ec1 c\u00e1 c\u01b0\u1ee3c sabong: n\u1ec1n t\u1ea3ng c\u00e1 c\u01b0\u1ee3c t\u1ed1t nh\u1ea5t, chi\u1ebfn l\u01b0\u1ee3c d\u00e0nh cho ng\u01b0\u1eddi m\u1edbi b\u1eaft \u0111\u1ea7u v\u00e0 chuy\u00ean nghi\u1ec7p, vai tr\u00f2 c\u1ee7a c\u00f4ng ngh\u1ec7 v\u00e0 c\u00e1c kh\u00eda c\u1ea1nh ph\u00e1p l\u00fd.","robots":{"index":"index","follow":"follow","max-snippet":"max-snippet:-1","max-image-preview":"max-image-preview:large","max-video-preview":"max-video-preview:-1"},"og_locale":"vi_VN","og_type":"article","og_title":"Sabong Bet > H\u01b0\u1edbng d\u1eabn, Chi\u1ebfn l\u01b0\u1ee3c v\u00e0 N\u1ec1n t\u1ea3ng","og_description":"H\u01b0\u1edbng d\u1eabn chi ti\u1ebft v\u1ec1 c\u00e1 c\u01b0\u1ee3c sabong: n\u1ec1n t\u1ea3ng c\u00e1 c\u01b0\u1ee3c t\u1ed1t nh\u1ea5t, chi\u1ebfn l\u01b0\u1ee3c d\u00e0nh cho ng\u01b0\u1eddi m\u1edbi b\u1eaft \u0111\u1ea7u v\u00e0 chuy\u00ean nghi\u1ec7p, vai tr\u00f2 c\u1ee7a c\u00f4ng ngh\u1ec7 v\u00e0 c\u00e1c kh\u00eda c\u1ea1nh ph\u00e1p l\u00fd.","og_url":"https:\/\/sabong.cafe\/vn\/where-to-bet-on-cockfights\/","og_site_name":"Sabong.cafe VN","article_modified_time":"2025-02-03T07:43:07+00:00","twitter_card":"summary_large_image","schema":{"@context":"https:\/\/schema.org","@graph":[{"@type":"WebPage","@id":"https:\/\/sabong.cafe\/vn\/where-to-bet-on-cockfights\/","url":"https:\/\/sabong.cafe\/vn\/where-to-bet-on-cockfights\/","name":"Sabong Bet > H\u01b0\u1edbng d\u1eabn, Chi\u1ebfn l\u01b0\u1ee3c v\u00e0 N\u1ec1n t\u1ea3ng","isPartOf":{"@id":"https:\/\/sabong.cafe\/vn\/#website"},"datePublished":"2025-01-28T08:26:42+00:00","dateModified":"2025-02-03T07:43:07+00:00","description":"H\u01b0\u1edbng d\u1eabn chi ti\u1ebft v\u1ec1 c\u00e1 c\u01b0\u1ee3c sabong: n\u1ec1n t\u1ea3ng c\u00e1 c\u01b0\u1ee3c t\u1ed1t nh\u1ea5t, chi\u1ebfn l\u01b0\u1ee3c d\u00e0nh cho ng\u01b0\u1eddi m\u1edbi b\u1eaft \u0111\u1ea7u v\u00e0 chuy\u00ean nghi\u1ec7p, vai tr\u00f2 c\u1ee7a c\u00f4ng ngh\u1ec7 v\u00e0 c\u00e1c kh\u00eda c\u1ea1nh ph\u00e1p l\u00fd.","breadcrumb":{"@id":"https:\/\/sabong.cafe\/vn\/where-to-bet-on-cockfights\/#breadcrumb"},"inLanguage":"vi","potentialAction":[{"@type":"ReadAction","target":["https:\/\/sabong.cafe\/vn\/where-to-bet-on-cockfights\/"]}]},{"@type":"BreadcrumbList","@id":"https:\/\/sabong.cafe\/vn\/where-to-bet-on-cockfights\/#breadcrumb","itemListElement":[{"@type":"ListItem","position":1,"name":"\u0413\u043b\u0430\u0432\u043d\u0430\u044f \u0441\u0442\u0440\u0430\u043d\u0438\u0446\u0430","item":"https:\/\/sabong.cafe\/vn\/"},{"@type":"ListItem","position":2,"name":"N\u01a1i \u0111\u1ec3 c\u00e1 c\u01b0\u1ee3c \u0111\u00e1 g\u00e0"}]},{"@type":"WebSite","@id":"https:\/\/sabong.cafe\/vn\/#website","url":"https:\/\/sabong.cafe\/vn\/","name":"Sabong.cafe VN","description":"My WordPress Blog","potentialAction":[{"@type":"SearchAction","target":{"@type":"EntryPoint","urlTemplate":"https:\/\/sabong.cafe\/vn\/?s={search_term_string}"},"query-input":{"@type":"PropertyValueSpecification","valueRequired":true,"valueName":"search_term_string"}}],"inLanguage":"vi"}]}},"_links":{"self":[{"href":"https:\/\/sabong.cafe\/vn\/wp-json\/wp\/v2\/pages\/160","targetHints":{"allow":["GET"]}}],"collection":[{"href":"https:\/\/sabong.cafe\/vn\/wp-json\/wp\/v2\/pages"}],"about":[{"href":"https:\/\/sabong.cafe\/vn\/wp-json\/wp\/v2\/types\/page"}],"author":[{"embeddable":true,"href":"https:\/\/sabong.cafe\/vn\/wp-json\/wp\/v2\/users\/1"}],"replies":[{"embeddable":true,"href":"https:\/\/sabong.cafe\/vn\/wp-json\/wp\/v2\/comments?post=160"}],"version-history":[{"count":17,"href":"https:\/\/sabong.cafe\/vn\/wp-json\/wp\/v2\/pages\/160\/revisions"}],"predecessor-version":[{"id":352,"href":"https:\/\/sabong.cafe\/vn\/wp-json\/wp\/v2\/pages\/160\/revisions\/352"}],"wp:attachment":[{"href":"https:\/\/sabong.cafe\/vn\/wp-json\/wp\/v2\/media?parent=160"}],"curies":[{"name":"wp","href":"https:\/\/api.w.org\/{rel}","templated":true}]}}