{"id":158,"date":"2025-01-28T08:26:13","date_gmt":"2025-01-28T08:26:13","guid":{"rendered":"https:\/\/sabong.cafe\/vn\/?page_id=158"},"modified":"2025-02-03T08:06:11","modified_gmt":"2025-02-03T08:06:11","slug":"how-to-play-online-sabong","status":"publish","type":"page","link":"https:\/\/sabong.cafe\/vn\/how-to-play-online-sabong\/","title":{"rendered":"C\u00e1ch ch\u01a1i Sabong tr\u1ef1c tuy\u1ebfn"},"content":{"rendered":"","protected":false},"excerpt":{"rendered":"","protected":false},"author":1,"featured_media":0,"parent":0,"menu_order":0,"comment_status":"closed","ping_status":"closed","template":"","meta":{"footnotes":""},"class_list":["post-158","page","type-page","status-publish","hentry"],"yoast_head":"<!-- This site is optimized with the Yoast SEO plugin v24.3 - https:\/\/yoast.com\/wordpress\/plugins\/seo\/ -->\n<title>Sabong Online &gt; Lu\u1eadt ch\u01a1i, Chi\u1ebfn l\u01b0\u1ee3c v\u00e0 M\u1eb9o ch\u01a1i Th\u00e0nh c\u00f4ng<\/title>\n<meta name=\"description\" content=\"T\u00ecm hi\u1ec3u t\u1ea5t c\u1ea3 v\u1ec1 sabong tr\u1ef1c tuy\u1ebfn: t\u1eeb lu\u1eadt l\u1ec7 v\u00e0 chi\u1ebfn l\u01b0\u1ee3c c\u00e1 c\u01b0\u1ee3c \u0111\u1ebfn vi\u1ec7c l\u1ef1a ch\u1ecdn n\u1ec1n t\u1ea3ng \u0111\u00e1ng tin c\u1eady. T\u1ed5ng quan ng\u1eafn g\u1ecdn v\u1ec1 c\u00e1c kh\u00eda c\u1ea1nh ph\u00e1p l\u00fd v\u00e0 \u0111\u1ea1o \u0111\u1ee9c, m\u1eb9o cho ng\u01b0\u1eddi m\u1edbi b\u1eaft \u0111\u1ea7u v\u00e0 ng\u01b0\u1eddi ch\u01a1i c\u00f3 kinh nghi\u1ec7m.\" \/>\n<meta name=\"robots\" content=\"index, follow, max-snippet:-1, max-image-preview:large, max-video-preview:-1\" \/>\n<meta property=\"og:locale\" content=\"vi_VN\" \/>\n<meta property=\"og:type\" content=\"article\" \/>\n<meta property=\"og:title\" content=\"Sabong Online &gt; Lu\u1eadt ch\u01a1i, Chi\u1ebfn l\u01b0\u1ee3c v\u00e0 M\u1eb9o ch\u01a1i Th\u00e0nh c\u00f4ng\" \/>\n<meta property=\"og:description\" content=\"T\u00ecm hi\u1ec3u t\u1ea5t c\u1ea3 v\u1ec1 sabong tr\u1ef1c tuy\u1ebfn: t\u1eeb lu\u1eadt l\u1ec7 v\u00e0 chi\u1ebfn l\u01b0\u1ee3c c\u00e1 c\u01b0\u1ee3c \u0111\u1ebfn vi\u1ec7c l\u1ef1a ch\u1ecdn n\u1ec1n t\u1ea3ng \u0111\u00e1ng tin c\u1eady. T\u1ed5ng quan ng\u1eafn g\u1ecdn v\u1ec1 c\u00e1c kh\u00eda c\u1ea1nh ph\u00e1p l\u00fd v\u00e0 \u0111\u1ea1o \u0111\u1ee9c, m\u1eb9o cho ng\u01b0\u1eddi m\u1edbi b\u1eaft \u0111\u1ea7u v\u00e0 ng\u01b0\u1eddi ch\u01a1i c\u00f3 kinh nghi\u1ec7m.\" \/>\n<meta property=\"og:url\" content=\"https:\/\/sabong.cafe\/vn\/how-to-play-online-sabong\/\" \/>\n<meta property=\"og:site_name\" content=\"Sabong.cafe VN\" \/>\n<meta property=\"article:modified_time\" content=\"2025-02-03T08:06:11+00:00\" \/>\n<meta name=\"twitter:card\" content=\"summary_large_image\" \/>\n<script type=\"application\/ld+json\" class=\"yoast-schema-graph\">{\"@context\":\"https:\/\/schema.org\",\"@graph\":[{\"@type\":\"WebPage\",\"@id\":\"https:\/\/sabong.cafe\/vn\/how-to-play-online-sabong\/\",\"url\":\"https:\/\/sabong.cafe\/vn\/how-to-play-online-sabong\/\",\"name\":\"Sabong Online > Lu\u1eadt ch\u01a1i, Chi\u1ebfn l\u01b0\u1ee3c v\u00e0 M\u1eb9o ch\u01a1i Th\u00e0nh c\u00f4ng\",\"isPartOf\":{\"@id\":\"https:\/\/sabong.cafe\/vn\/#website\"},\"datePublished\":\"2025-01-28T08:26:13+00:00\",\"dateModified\":\"2025-02-03T08:06:11+00:00\",\"description\":\"T\u00ecm hi\u1ec3u t\u1ea5t c\u1ea3 v\u1ec1 sabong tr\u1ef1c tuy\u1ebfn: t\u1eeb lu\u1eadt l\u1ec7 v\u00e0 chi\u1ebfn l\u01b0\u1ee3c c\u00e1 c\u01b0\u1ee3c \u0111\u1ebfn vi\u1ec7c l\u1ef1a ch\u1ecdn n\u1ec1n t\u1ea3ng \u0111\u00e1ng tin c\u1eady. T\u1ed5ng quan ng\u1eafn g\u1ecdn v\u1ec1 c\u00e1c kh\u00eda c\u1ea1nh ph\u00e1p l\u00fd v\u00e0 \u0111\u1ea1o \u0111\u1ee9c, m\u1eb9o cho ng\u01b0\u1eddi m\u1edbi b\u1eaft \u0111\u1ea7u v\u00e0 ng\u01b0\u1eddi ch\u01a1i c\u00f3 kinh nghi\u1ec7m.\",\"breadcrumb\":{\"@id\":\"https:\/\/sabong.cafe\/vn\/how-to-play-online-sabong\/#breadcrumb\"},\"inLanguage\":\"vi\",\"potentialAction\":[{\"@type\":\"ReadAction\",\"target\":[\"https:\/\/sabong.cafe\/vn\/how-to-play-online-sabong\/\"]}]},{\"@type\":\"BreadcrumbList\",\"@id\":\"https:\/\/sabong.cafe\/vn\/how-to-play-online-sabong\/#breadcrumb\",\"itemListElement\":[{\"@type\":\"ListItem\",\"position\":1,\"name\":\"\u0413\u043b\u0430\u0432\u043d\u0430\u044f \u0441\u0442\u0440\u0430\u043d\u0438\u0446\u0430\",\"item\":\"https:\/\/sabong.cafe\/vn\/\"},{\"@type\":\"ListItem\",\"position\":2,\"name\":\"C\u00e1ch ch\u01a1i Sabong tr\u1ef1c tuy\u1ebfn\"}]},{\"@type\":\"WebSite\",\"@id\":\"https:\/\/sabong.cafe\/vn\/#website\",\"url\":\"https:\/\/sabong.cafe\/vn\/\",\"name\":\"Sabong.cafe VN\",\"description\":\"My WordPress Blog\",\"potentialAction\":[{\"@type\":\"SearchAction\",\"target\":{\"@type\":\"EntryPoint\",\"urlTemplate\":\"https:\/\/sabong.cafe\/vn\/?s={search_term_string}\"},\"query-input\":{\"@type\":\"PropertyValueSpecification\",\"valueRequired\":true,\"valueName\":\"search_term_string\"}}],\"inLanguage\":\"vi\"}]}<\/script>\n<!-- \/ Yoast SEO plugin. -->","yoast_head_json":{"title":"Sabong Online > Lu\u1eadt ch\u01a1i, Chi\u1ebfn l\u01b0\u1ee3c v\u00e0 M\u1eb9o ch\u01a1i Th\u00e0nh c\u00f4ng","description":"T\u00ecm hi\u1ec3u t\u1ea5t c\u1ea3 v\u1ec1 sabong tr\u1ef1c tuy\u1ebfn: t\u1eeb lu\u1eadt l\u1ec7 v\u00e0 chi\u1ebfn l\u01b0\u1ee3c c\u00e1 c\u01b0\u1ee3c \u0111\u1ebfn vi\u1ec7c l\u1ef1a ch\u1ecdn n\u1ec1n t\u1ea3ng \u0111\u00e1ng tin c\u1eady. T\u1ed5ng quan ng\u1eafn g\u1ecdn v\u1ec1 c\u00e1c kh\u00eda c\u1ea1nh ph\u00e1p l\u00fd v\u00e0 \u0111\u1ea1o \u0111\u1ee9c, m\u1eb9o cho ng\u01b0\u1eddi m\u1edbi b\u1eaft \u0111\u1ea7u v\u00e0 ng\u01b0\u1eddi ch\u01a1i c\u00f3 kinh nghi\u1ec7m.","robots":{"index":"index","follow":"follow","max-snippet":"max-snippet:-1","max-image-preview":"max-image-preview:large","max-video-preview":"max-video-preview:-1"},"og_locale":"vi_VN","og_type":"article","og_title":"Sabong Online > Lu\u1eadt ch\u01a1i, Chi\u1ebfn l\u01b0\u1ee3c v\u00e0 M\u1eb9o ch\u01a1i Th\u00e0nh c\u00f4ng","og_description":"T\u00ecm hi\u1ec3u t\u1ea5t c\u1ea3 v\u1ec1 sabong tr\u1ef1c tuy\u1ebfn: t\u1eeb lu\u1eadt l\u1ec7 v\u00e0 chi\u1ebfn l\u01b0\u1ee3c c\u00e1 c\u01b0\u1ee3c \u0111\u1ebfn vi\u1ec7c l\u1ef1a ch\u1ecdn n\u1ec1n t\u1ea3ng \u0111\u00e1ng tin c\u1eady. T\u1ed5ng quan ng\u1eafn g\u1ecdn v\u1ec1 c\u00e1c kh\u00eda c\u1ea1nh ph\u00e1p l\u00fd v\u00e0 \u0111\u1ea1o \u0111\u1ee9c, m\u1eb9o cho ng\u01b0\u1eddi m\u1edbi b\u1eaft \u0111\u1ea7u v\u00e0 ng\u01b0\u1eddi ch\u01a1i c\u00f3 kinh nghi\u1ec7m.","og_url":"https:\/\/sabong.cafe\/vn\/how-to-play-online-sabong\/","og_site_name":"Sabong.cafe VN","article_modified_time":"2025-02-03T08:06:11+00:00","twitter_card":"summary_large_image","schema":{"@context":"https:\/\/schema.org","@graph":[{"@type":"WebPage","@id":"https:\/\/sabong.cafe\/vn\/how-to-play-online-sabong\/","url":"https:\/\/sabong.cafe\/vn\/how-to-play-online-sabong\/","name":"Sabong Online > Lu\u1eadt ch\u01a1i, Chi\u1ebfn l\u01b0\u1ee3c v\u00e0 M\u1eb9o ch\u01a1i Th\u00e0nh c\u00f4ng","isPartOf":{"@id":"https:\/\/sabong.cafe\/vn\/#website"},"datePublished":"2025-01-28T08:26:13+00:00","dateModified":"2025-02-03T08:06:11+00:00","description":"T\u00ecm hi\u1ec3u t\u1ea5t c\u1ea3 v\u1ec1 sabong tr\u1ef1c tuy\u1ebfn: t\u1eeb lu\u1eadt l\u1ec7 v\u00e0 chi\u1ebfn l\u01b0\u1ee3c c\u00e1 c\u01b0\u1ee3c \u0111\u1ebfn vi\u1ec7c l\u1ef1a ch\u1ecdn n\u1ec1n t\u1ea3ng \u0111\u00e1ng tin c\u1eady. T\u1ed5ng quan ng\u1eafn g\u1ecdn v\u1ec1 c\u00e1c kh\u00eda c\u1ea1nh ph\u00e1p l\u00fd v\u00e0 \u0111\u1ea1o \u0111\u1ee9c, m\u1eb9o cho ng\u01b0\u1eddi m\u1edbi b\u1eaft \u0111\u1ea7u v\u00e0 ng\u01b0\u1eddi ch\u01a1i c\u00f3 kinh nghi\u1ec7m.","breadcrumb":{"@id":"https:\/\/sabong.cafe\/vn\/how-to-play-online-sabong\/#breadcrumb"},"inLanguage":"vi","potentialAction":[{"@type":"ReadAction","target":["https:\/\/sabong.cafe\/vn\/how-to-play-online-sabong\/"]}]},{"@type":"BreadcrumbList","@id":"https:\/\/sabong.cafe\/vn\/how-to-play-online-sabong\/#breadcrumb","itemListElement":[{"@type":"ListItem","position":1,"name":"\u0413\u043b\u0430\u0432\u043d\u0430\u044f \u0441\u0442\u0440\u0430\u043d\u0438\u0446\u0430","item":"https:\/\/sabong.cafe\/vn\/"},{"@type":"ListItem","position":2,"name":"C\u00e1ch ch\u01a1i Sabong tr\u1ef1c tuy\u1ebfn"}]},{"@type":"WebSite","@id":"https:\/\/sabong.cafe\/vn\/#website","url":"https:\/\/sabong.cafe\/vn\/","name":"Sabong.cafe VN","description":"My WordPress Blog","potentialAction":[{"@type":"SearchAction","target":{"@type":"EntryPoint","urlTemplate":"https:\/\/sabong.cafe\/vn\/?s={search_term_string}"},"query-input":{"@type":"PropertyValueSpecification","valueRequired":true,"valueName":"search_term_string"}}],"inLanguage":"vi"}]}},"_links":{"self":[{"href":"https:\/\/sabong.cafe\/vn\/wp-json\/wp\/v2\/pages\/158","targetHints":{"allow":["GET"]}}],"collection":[{"href":"https:\/\/sabong.cafe\/vn\/wp-json\/wp\/v2\/pages"}],"about":[{"href":"https:\/\/sabong.cafe\/vn\/wp-json\/wp\/v2\/types\/page"}],"author":[{"embeddable":true,"href":"https:\/\/sabong.cafe\/vn\/wp-json\/wp\/v2\/users\/1"}],"replies":[{"embeddable":true,"href":"https:\/\/sabong.cafe\/vn\/wp-json\/wp\/v2\/comments?post=158"}],"version-history":[{"count":15,"href":"https:\/\/sabong.cafe\/vn\/wp-json\/wp\/v2\/pages\/158\/revisions"}],"predecessor-version":[{"id":354,"href":"https:\/\/sabong.cafe\/vn\/wp-json\/wp\/v2\/pages\/158\/revisions\/354"}],"wp:attachment":[{"href":"https:\/\/sabong.cafe\/vn\/wp-json\/wp\/v2\/media?parent=158"}],"curies":[{"name":"wp","href":"https:\/\/api.w.org\/{rel}","templated":true}]}}