{"id":2,"date":"2023-05-18T17:18:34","date_gmt":"2023-05-18T17:18:34","guid":{"rendered":"https:\/\/sabong.cafe\/mx\/?page_id=2"},"modified":"2025-02-02T23:13:29","modified_gmt":"2025-02-02T23:13:29","slug":"online-sabong-history-culture-economy-and-future-traditions","status":"publish","type":"page","link":"https:\/\/sabong.cafe\/mx\/","title":{"rendered":"P\u00e1gina Principal"},"content":{"rendered":"","protected":false},"excerpt":{"rendered":"","protected":false},"author":1,"featured_media":0,"parent":0,"menu_order":0,"comment_status":"closed","ping_status":"open","template":"","meta":{"footnotes":""},"class_list":["post-2","page","type-page","status-publish","hentry"],"yoast_head":"<!-- This site is optimized with the Yoast SEO plugin v24.3 - https:\/\/yoast.com\/wordpress\/plugins\/seo\/ -->\n<title>Online Sabong &gt; Historia, cultura, econom\u00eda y tradiciones futuras<\/title>\n<meta name=\"description\" content=\"Apr\u00e9ndalo todo sobre Sabong: Or\u00edgenes hist\u00f3ricos, importancia cultural, impacto econ\u00f3mico y tecnolog\u00eda moderna. Examine las normas, los aspectos \u00e9ticos y las controversias.\" \/>\n<meta name=\"robots\" content=\"index, follow, max-snippet:-1, max-image-preview:large, max-video-preview:-1\" \/>\n<meta property=\"og:locale\" content=\"es_MX\" \/>\n<meta property=\"og:type\" content=\"article\" \/>\n<meta property=\"og:title\" content=\"Online Sabong &gt; Historia, cultura, econom\u00eda y tradiciones futuras\" \/>\n<meta property=\"og:description\" content=\"Apr\u00e9ndalo todo sobre Sabong: Or\u00edgenes hist\u00f3ricos, importancia cultural, impacto econ\u00f3mico y tecnolog\u00eda moderna. Examine las normas, los aspectos \u00e9ticos y las controversias.\" \/>\n<meta property=\"og:url\" content=\"https:\/\/sabong.cafe\/mx\/\" \/>\n<meta property=\"og:site_name\" content=\"Sabong.cafe MX\" \/>\n<meta property=\"article:modified_time\" content=\"2025-02-02T23:13:29+00:00\" \/>\n<meta name=\"twitter:card\" content=\"summary_large_image\" \/>\n<script type=\"application\/ld+json\" class=\"yoast-schema-graph\">{\"@context\":\"https:\/\/schema.org\",\"@graph\":[{\"@type\":\"WebPage\",\"@id\":\"https:\/\/sabong.cafe\/mx\/\",\"url\":\"https:\/\/sabong.cafe\/mx\/\",\"name\":\"Online Sabong > Historia, cultura, econom\u00eda y tradiciones futuras\",\"isPartOf\":{\"@id\":\"https:\/\/sabong.cafe\/mx\/#website\"},\"datePublished\":\"2023-05-18T17:18:34+00:00\",\"dateModified\":\"2025-02-02T23:13:29+00:00\",\"description\":\"Apr\u00e9ndalo todo sobre Sabong: Or\u00edgenes hist\u00f3ricos, importancia cultural, impacto econ\u00f3mico y tecnolog\u00eda moderna. Examine las normas, los aspectos \u00e9ticos y las controversias.\",\"breadcrumb\":{\"@id\":\"https:\/\/sabong.cafe\/mx\/#breadcrumb\"},\"inLanguage\":\"es\",\"potentialAction\":[{\"@type\":\"ReadAction\",\"target\":[\"https:\/\/sabong.cafe\/mx\/\"]}]},{\"@type\":\"BreadcrumbList\",\"@id\":\"https:\/\/sabong.cafe\/mx\/#breadcrumb\",\"itemListElement\":[{\"@type\":\"ListItem\",\"position\":1,\"name\":\"\u0413\u043b\u0430\u0432\u043d\u0430\u044f \u0441\u0442\u0440\u0430\u043d\u0438\u0446\u0430\",\"item\":\"https:\/\/sabong.cafe\/mx\/\"},{\"@type\":\"ListItem\",\"position\":2,\"name\":\"P\u00e1gina Principal\"}]},{\"@type\":\"WebSite\",\"@id\":\"https:\/\/sabong.cafe\/mx\/#website\",\"url\":\"https:\/\/sabong.cafe\/mx\/\",\"name\":\"Sabong.cafe MX\",\"description\":\"My WordPress Blog\",\"potentialAction\":[{\"@type\":\"SearchAction\",\"target\":{\"@type\":\"EntryPoint\",\"urlTemplate\":\"https:\/\/sabong.cafe\/mx\/?s={search_term_string}\"},\"query-input\":{\"@type\":\"PropertyValueSpecification\",\"valueRequired\":true,\"valueName\":\"search_term_string\"}}],\"inLanguage\":\"es\"}]}<\/script>\n<!-- \/ Yoast SEO plugin. -->","yoast_head_json":{"title":"Online Sabong > Historia, cultura, econom\u00eda y tradiciones futuras","description":"Apr\u00e9ndalo todo sobre Sabong: Or\u00edgenes hist\u00f3ricos, importancia cultural, impacto econ\u00f3mico y tecnolog\u00eda moderna. Examine las normas, los aspectos \u00e9ticos y las controversias.","robots":{"index":"index","follow":"follow","max-snippet":"max-snippet:-1","max-image-preview":"max-image-preview:large","max-video-preview":"max-video-preview:-1"},"og_locale":"es_MX","og_type":"article","og_title":"Online Sabong > Historia, cultura, econom\u00eda y tradiciones futuras","og_description":"Apr\u00e9ndalo todo sobre Sabong: Or\u00edgenes hist\u00f3ricos, importancia cultural, impacto econ\u00f3mico y tecnolog\u00eda moderna. Examine las normas, los aspectos \u00e9ticos y las controversias.","og_url":"https:\/\/sabong.cafe\/mx\/","og_site_name":"Sabong.cafe MX","article_modified_time":"2025-02-02T23:13:29+00:00","twitter_card":"summary_large_image","schema":{"@context":"https:\/\/schema.org","@graph":[{"@type":"WebPage","@id":"https:\/\/sabong.cafe\/mx\/","url":"https:\/\/sabong.cafe\/mx\/","name":"Online Sabong > Historia, cultura, econom\u00eda y tradiciones futuras","isPartOf":{"@id":"https:\/\/sabong.cafe\/mx\/#website"},"datePublished":"2023-05-18T17:18:34+00:00","dateModified":"2025-02-02T23:13:29+00:00","description":"Apr\u00e9ndalo todo sobre Sabong: Or\u00edgenes hist\u00f3ricos, importancia cultural, impacto econ\u00f3mico y tecnolog\u00eda moderna. Examine las normas, los aspectos \u00e9ticos y las controversias.","breadcrumb":{"@id":"https:\/\/sabong.cafe\/mx\/#breadcrumb"},"inLanguage":"es","potentialAction":[{"@type":"ReadAction","target":["https:\/\/sabong.cafe\/mx\/"]}]},{"@type":"BreadcrumbList","@id":"https:\/\/sabong.cafe\/mx\/#breadcrumb","itemListElement":[{"@type":"ListItem","position":1,"name":"\u0413\u043b\u0430\u0432\u043d\u0430\u044f \u0441\u0442\u0440\u0430\u043d\u0438\u0446\u0430","item":"https:\/\/sabong.cafe\/mx\/"},{"@type":"ListItem","position":2,"name":"P\u00e1gina Principal"}]},{"@type":"WebSite","@id":"https:\/\/sabong.cafe\/mx\/#website","url":"https:\/\/sabong.cafe\/mx\/","name":"Sabong.cafe MX","description":"My WordPress Blog","potentialAction":[{"@type":"SearchAction","target":{"@type":"EntryPoint","urlTemplate":"https:\/\/sabong.cafe\/mx\/?s={search_term_string}"},"query-input":{"@type":"PropertyValueSpecification","valueRequired":true,"valueName":"search_term_string"}}],"inLanguage":"es"}]}},"_links":{"self":[{"href":"https:\/\/sabong.cafe\/mx\/wp-json\/wp\/v2\/pages\/2","targetHints":{"allow":["GET"]}}],"collection":[{"href":"https:\/\/sabong.cafe\/mx\/wp-json\/wp\/v2\/pages"}],"about":[{"href":"https:\/\/sabong.cafe\/mx\/wp-json\/wp\/v2\/types\/page"}],"author":[{"embeddable":true,"href":"https:\/\/sabong.cafe\/mx\/wp-json\/wp\/v2\/users\/1"}],"replies":[{"embeddable":true,"href":"https:\/\/sabong.cafe\/mx\/wp-json\/wp\/v2\/comments?post=2"}],"version-history":[{"count":35,"href":"https:\/\/sabong.cafe\/mx\/wp-json\/wp\/v2\/pages\/2\/revisions"}],"predecessor-version":[{"id":368,"href":"https:\/\/sabong.cafe\/mx\/wp-json\/wp\/v2\/pages\/2\/revisions\/368"}],"wp:attachment":[{"href":"https:\/\/sabong.cafe\/mx\/wp-json\/wp\/v2\/media?parent=2"}],"curies":[{"name":"wp","href":"https:\/\/api.w.org\/{rel}","templated":true}]}}