{"id":170,"date":"2025-01-28T08:28:42","date_gmt":"2025-01-28T08:28:42","guid":{"rendered":"https:\/\/sabong.cafe\/mx\/?page_id=170"},"modified":"2025-01-31T09:57:44","modified_gmt":"2025-01-31T09:57:44","slug":"betting-tips-and-tutorials","status":"publish","type":"page","link":"https:\/\/sabong.cafe\/mx\/betting-tips-and-tutorials\/","title":{"rendered":"Consejos y Tutoriales de Apuestas"},"content":{"rendered":"","protected":false},"excerpt":{"rendered":"","protected":false},"author":1,"featured_media":0,"parent":0,"menu_order":0,"comment_status":"closed","ping_status":"closed","template":"","meta":{"footnotes":""},"class_list":["post-170","page","type-page","status-publish","hentry"],"yoast_head":"<!-- This site is optimized with the Yoast SEO plugin v24.3 - https:\/\/yoast.com\/wordpress\/plugins\/seo\/ -->\n<title>Consejos de apuestas para sabong &gt; Los mejores consejos de apuestas para jugadores<\/title>\n<meta name=\"description\" content=\"\u00bfQuieres conocer los mejores consejos de apuestas de sabong? \u00a1Esta es la gu\u00eda para ti! T\u00e9cnicas b\u00e1sicas, herramientas, instrucciones para principiantes y jugadores avanzados.\" \/>\n<meta name=\"robots\" content=\"index, follow, max-snippet:-1, max-image-preview:large, max-video-preview:-1\" \/>\n<meta property=\"og:locale\" content=\"es_MX\" \/>\n<meta property=\"og:type\" content=\"article\" \/>\n<meta property=\"og:title\" content=\"Consejos de apuestas para sabong &gt; Los mejores consejos de apuestas para jugadores\" \/>\n<meta property=\"og:description\" content=\"\u00bfQuieres conocer los mejores consejos de apuestas de sabong? \u00a1Esta es la gu\u00eda para ti! T\u00e9cnicas b\u00e1sicas, herramientas, instrucciones para principiantes y jugadores avanzados.\" \/>\n<meta property=\"og:url\" content=\"https:\/\/sabong.cafe\/mx\/betting-tips-and-tutorials\/\" \/>\n<meta property=\"og:site_name\" content=\"Sabong.cafe MX\" \/>\n<meta property=\"article:modified_time\" content=\"2025-01-31T09:57:44+00:00\" \/>\n<meta name=\"twitter:card\" content=\"summary_large_image\" \/>\n<script type=\"application\/ld+json\" class=\"yoast-schema-graph\">{\"@context\":\"https:\/\/schema.org\",\"@graph\":[{\"@type\":\"WebPage\",\"@id\":\"https:\/\/sabong.cafe\/mx\/betting-tips-and-tutorials\/\",\"url\":\"https:\/\/sabong.cafe\/mx\/betting-tips-and-tutorials\/\",\"name\":\"Consejos de apuestas para sabong > Los mejores consejos de apuestas para jugadores\",\"isPartOf\":{\"@id\":\"https:\/\/sabong.cafe\/mx\/#website\"},\"datePublished\":\"2025-01-28T08:28:42+00:00\",\"dateModified\":\"2025-01-31T09:57:44+00:00\",\"description\":\"\u00bfQuieres conocer los mejores consejos de apuestas de sabong? \u00a1Esta es la gu\u00eda para ti! T\u00e9cnicas b\u00e1sicas, herramientas, instrucciones para principiantes y jugadores avanzados.\",\"breadcrumb\":{\"@id\":\"https:\/\/sabong.cafe\/mx\/betting-tips-and-tutorials\/#breadcrumb\"},\"inLanguage\":\"es\",\"potentialAction\":[{\"@type\":\"ReadAction\",\"target\":[\"https:\/\/sabong.cafe\/mx\/betting-tips-and-tutorials\/\"]}]},{\"@type\":\"BreadcrumbList\",\"@id\":\"https:\/\/sabong.cafe\/mx\/betting-tips-and-tutorials\/#breadcrumb\",\"itemListElement\":[{\"@type\":\"ListItem\",\"position\":1,\"name\":\"\u0413\u043b\u0430\u0432\u043d\u0430\u044f \u0441\u0442\u0440\u0430\u043d\u0438\u0446\u0430\",\"item\":\"https:\/\/sabong.cafe\/mx\/\"},{\"@type\":\"ListItem\",\"position\":2,\"name\":\"Consejos y Tutoriales de Apuestas\"}]},{\"@type\":\"WebSite\",\"@id\":\"https:\/\/sabong.cafe\/mx\/#website\",\"url\":\"https:\/\/sabong.cafe\/mx\/\",\"name\":\"Sabong.cafe MX\",\"description\":\"My WordPress Blog\",\"potentialAction\":[{\"@type\":\"SearchAction\",\"target\":{\"@type\":\"EntryPoint\",\"urlTemplate\":\"https:\/\/sabong.cafe\/mx\/?s={search_term_string}\"},\"query-input\":{\"@type\":\"PropertyValueSpecification\",\"valueRequired\":true,\"valueName\":\"search_term_string\"}}],\"inLanguage\":\"es\"}]}<\/script>\n<!-- \/ Yoast SEO plugin. -->","yoast_head_json":{"title":"Consejos de apuestas para sabong > Los mejores consejos de apuestas para jugadores","description":"\u00bfQuieres conocer los mejores consejos de apuestas de sabong? \u00a1Esta es la gu\u00eda para ti! T\u00e9cnicas b\u00e1sicas, herramientas, instrucciones para principiantes y jugadores avanzados.","robots":{"index":"index","follow":"follow","max-snippet":"max-snippet:-1","max-image-preview":"max-image-preview:large","max-video-preview":"max-video-preview:-1"},"og_locale":"es_MX","og_type":"article","og_title":"Consejos de apuestas para sabong > Los mejores consejos de apuestas para jugadores","og_description":"\u00bfQuieres conocer los mejores consejos de apuestas de sabong? \u00a1Esta es la gu\u00eda para ti! T\u00e9cnicas b\u00e1sicas, herramientas, instrucciones para principiantes y jugadores avanzados.","og_url":"https:\/\/sabong.cafe\/mx\/betting-tips-and-tutorials\/","og_site_name":"Sabong.cafe MX","article_modified_time":"2025-01-31T09:57:44+00:00","twitter_card":"summary_large_image","schema":{"@context":"https:\/\/schema.org","@graph":[{"@type":"WebPage","@id":"https:\/\/sabong.cafe\/mx\/betting-tips-and-tutorials\/","url":"https:\/\/sabong.cafe\/mx\/betting-tips-and-tutorials\/","name":"Consejos de apuestas para sabong > Los mejores consejos de apuestas para jugadores","isPartOf":{"@id":"https:\/\/sabong.cafe\/mx\/#website"},"datePublished":"2025-01-28T08:28:42+00:00","dateModified":"2025-01-31T09:57:44+00:00","description":"\u00bfQuieres conocer los mejores consejos de apuestas de sabong? \u00a1Esta es la gu\u00eda para ti! T\u00e9cnicas b\u00e1sicas, herramientas, instrucciones para principiantes y jugadores avanzados.","breadcrumb":{"@id":"https:\/\/sabong.cafe\/mx\/betting-tips-and-tutorials\/#breadcrumb"},"inLanguage":"es","potentialAction":[{"@type":"ReadAction","target":["https:\/\/sabong.cafe\/mx\/betting-tips-and-tutorials\/"]}]},{"@type":"BreadcrumbList","@id":"https:\/\/sabong.cafe\/mx\/betting-tips-and-tutorials\/#breadcrumb","itemListElement":[{"@type":"ListItem","position":1,"name":"\u0413\u043b\u0430\u0432\u043d\u0430\u044f \u0441\u0442\u0440\u0430\u043d\u0438\u0446\u0430","item":"https:\/\/sabong.cafe\/mx\/"},{"@type":"ListItem","position":2,"name":"Consejos y Tutoriales de Apuestas"}]},{"@type":"WebSite","@id":"https:\/\/sabong.cafe\/mx\/#website","url":"https:\/\/sabong.cafe\/mx\/","name":"Sabong.cafe MX","description":"My WordPress Blog","potentialAction":[{"@type":"SearchAction","target":{"@type":"EntryPoint","urlTemplate":"https:\/\/sabong.cafe\/mx\/?s={search_term_string}"},"query-input":{"@type":"PropertyValueSpecification","valueRequired":true,"valueName":"search_term_string"}}],"inLanguage":"es"}]}},"_links":{"self":[{"href":"https:\/\/sabong.cafe\/mx\/wp-json\/wp\/v2\/pages\/170","targetHints":{"allow":["GET"]}}],"collection":[{"href":"https:\/\/sabong.cafe\/mx\/wp-json\/wp\/v2\/pages"}],"about":[{"href":"https:\/\/sabong.cafe\/mx\/wp-json\/wp\/v2\/types\/page"}],"author":[{"embeddable":true,"href":"https:\/\/sabong.cafe\/mx\/wp-json\/wp\/v2\/users\/1"}],"replies":[{"embeddable":true,"href":"https:\/\/sabong.cafe\/mx\/wp-json\/wp\/v2\/comments?post=170"}],"version-history":[{"count":17,"href":"https:\/\/sabong.cafe\/mx\/wp-json\/wp\/v2\/pages\/170\/revisions"}],"predecessor-version":[{"id":357,"href":"https:\/\/sabong.cafe\/mx\/wp-json\/wp\/v2\/pages\/170\/revisions\/357"}],"wp:attachment":[{"href":"https:\/\/sabong.cafe\/mx\/wp-json\/wp\/v2\/media?parent=170"}],"curies":[{"name":"wp","href":"https:\/\/api.w.org\/{rel}","templated":true}]}}